{"id":24554,"date":"2019-08-27T09:08:49","date_gmt":"2019-08-27T09:08:49","guid":{"rendered":"https:\/\/deutschcolor.com\/de\/?post_type=product&#038;p=24554"},"modified":"2020-01-04T21:49:22","modified_gmt":"2020-01-04T21:49:22","slug":"fuga-shine","status":"publish","type":"product","link":"https:\/\/deutschcolor.com\/de\/product\/fuga-shine\/","title":{"rendered":"FUGA SHINE"},"content":{"rendered":"<p><strong>EIGENSCHAFTEN<\/strong><br \/>\nEs ist ein fl\u00fcssiger Reiniger auf S\u00e4urebasis, der zur Reinigung von Betonr\u00fcckst\u00e4nden und verschiedenen M\u00f6rteln verwendet wird sowie Salze aus der Platte. Es wird zur Reinigung von Umgebungen verwendet, in denen Trinkwasser und Lebensmittel aufbewahrt werden, da es keine R\u00fcckst\u00e4nde hinterl\u00e4sst.<\/p>\n<p>###<br \/>\n<strong>Verbrauch<\/strong><br \/>\n0.2 \u2013 1Kg\/m2<\/p>\n<p><strong>Verpackung<\/strong><br \/>\nPlastikflasche 1Kg \/ 5Kg \/ 10Kg.<\/p>\n","protected":false},"excerpt":{"rendered":"<p>Fl\u00fcssiges Reinigungsmittel auf S\u00e4urebasis<\/p>\n","protected":false},"featured_media":24555,"template":"","meta":{"om_disable_all_campaigns":false,"_monsterinsights_skip_tracking":false,"_monsterinsights_sitenote_active":false,"_monsterinsights_sitenote_note":"","_monsterinsights_sitenote_category":0},"class_list":["post-24554","product","type-product","status-publish","has-post-thumbnail","hentry","product_cat-tile-grouts","product_cat-associative-products-tile-grouts"],"aioseo_notices":[],"_links":{"self":[{"href":"https:\/\/deutschcolor.com\/de\/wp-json\/wp\/v2\/product\/24554","targetHints":{"allow":["GET"]}}],"collection":[{"href":"https:\/\/deutschcolor.com\/de\/wp-json\/wp\/v2\/product"}],"about":[{"href":"https:\/\/deutschcolor.com\/de\/wp-json\/wp\/v2\/types\/product"}],"wp:featuredmedia":[{"embeddable":true,"href":"https:\/\/deutschcolor.com\/de\/wp-json\/wp\/v2\/media\/24555"}],"wp:attachment":[{"href":"https:\/\/deutschcolor.com\/de\/wp-json\/wp\/v2\/media?parent=24554"}],"curies":[{"name":"wp","href":"https:\/\/api.w.org\/{rel}","templated":true}]}}