{"id":24556,"date":"2019-08-27T09:10:14","date_gmt":"2019-08-27T09:10:14","guid":{"rendered":"https:\/\/deutschcolor.com\/de\/?post_type=product&#038;p=24556"},"modified":"2020-01-04T21:51:17","modified_gmt":"2020-01-04T21:51:17","slug":"dc-glitter","status":"publish","type":"product","link":"https:\/\/deutschcolor.com\/de\/product\/dc-glitter\/","title":{"rendered":"DC GLITTER"},"content":{"rendered":"<p><strong>EMPFEHLUNGEN F\u00dcR DEN GEBRAUCH<\/strong><br \/>\nDC GLITTER wird in 3D FUGEN bis zu 10 % des Produktgewichts zugesetzt. Der DC GLITTER ist in zwei Farben erh\u00e4ltlich: Silber und Gold. Nach vollst\u00e4ndiger Durchmischung erh\u00e4lt das Produkt besondere dekorative Eigenschaften. Verwenden Sie nicht mehr als die empfohlene Dosis. Dieses Produkt wird nicht f\u00fcr Schwimmb\u00e4der und den Au\u00dfenbereich empfohlen.<\/p>\n<p>###<br \/>\n<strong>ANWENDUNG<\/strong><br \/>\nEs wird empfohlen, bis zu 10 % 3D FUGEN Gewicht zuzugeben. Die Zugabe erfolgt direkt beim Mischen der Komponenten A und B. Nach dem Mischen muss das Produkt innerhalb der zul\u00e4ssigen Zeit, dh bevor das Produkt aush\u00e4rtet, appliziert werden.<\/p>\n<p><strong>HALTBARKEIT UND LAGERUNG<\/strong><br \/>\nIn geschlossenen und trockenen R\u00e4umen lagern.<\/p>\n","protected":false},"excerpt":{"rendered":"<p>Glitzer auf Metall-, Polyester- und Aluminiumbasis.<\/p>\n","protected":false},"featured_media":24557,"template":"","meta":{"om_disable_all_campaigns":false,"_monsterinsights_skip_tracking":false,"_monsterinsights_sitenote_active":false,"_monsterinsights_sitenote_note":"","_monsterinsights_sitenote_category":0},"class_list":["post-24556","product","type-product","status-publish","has-post-thumbnail","hentry","product_cat-tile-grouts","product_cat-associative-products-tile-grouts"],"aioseo_notices":[],"_links":{"self":[{"href":"https:\/\/deutschcolor.com\/de\/wp-json\/wp\/v2\/product\/24556","targetHints":{"allow":["GET"]}}],"collection":[{"href":"https:\/\/deutschcolor.com\/de\/wp-json\/wp\/v2\/product"}],"about":[{"href":"https:\/\/deutschcolor.com\/de\/wp-json\/wp\/v2\/types\/product"}],"wp:featuredmedia":[{"embeddable":true,"href":"https:\/\/deutschcolor.com\/de\/wp-json\/wp\/v2\/media\/24557"}],"wp:attachment":[{"href":"https:\/\/deutschcolor.com\/de\/wp-json\/wp\/v2\/media?parent=24556"}],"curies":[{"name":"wp","href":"https:\/\/api.w.org\/{rel}","templated":true}]}}