{"id":24558,"date":"2019-08-27T09:13:10","date_gmt":"2019-08-27T09:13:10","guid":{"rendered":"https:\/\/deutschcolor.com\/de\/?post_type=product&#038;p=24558"},"modified":"2020-01-04T21:52:21","modified_gmt":"2020-01-04T21:52:21","slug":"wasserproof-1k","status":"publish","type":"product","link":"https:\/\/deutschcolor.com\/de\/product\/wasserproof-1k\/","title":{"rendered":"WASSERPROOF 1K"},"content":{"rendered":"<p><strong>EIGENSCHAFTEN<\/strong><br \/>\n-Bietet gute Isoliereigenschaften gegen Feuchtigkeit<br \/>\n&#8211; Bezieht Beton aus der Verkohlung.<br \/>\n-Es ist einfach anzuwenden und hat geringe Anwendungskosten<br \/>\n-Es hat keine korrosive Wirkung auf Stahlbeton.<\/p>\n<p><strong>ANWENDUNGSBEREICH<\/strong><br \/>\nEs wird zur Abdichtung von Betonoberfl\u00e4chen, Putz und feuchten W\u00e4nden verwendet. Geeignet zum Abdichten von Wassertanks, unterirdischen Umgebungen usw. Geeignet f\u00fcr die Abdichtung von Innenr\u00e4umen in unterirdischen Bereichen wie Kellern, da sie aufgrund der sehr starken Verbindung mit der Unterlage hohen Dr\u00fccken standh\u00e4lt.<\/p>\n<p>###<\/p>\n<p><strong>ANWENDUNG<\/strong><br \/>\nWASSERPROOF 1K wird unter kontinuierlichem Mischen allm\u00e4hlich zu der erforderlichen Menge Wasser gegeben, bis eine geeignete viskose Masse zum Auftragen mit einem Pinsel entsteht. Die aufzutragende Oberfl\u00e4che sollte vollst\u00e4ndig trocken sein und keine Feuchtigkeitsspuren aufweisen. Das Produkt wird je nach Umgebung mit zwei oder mehr Schichten aufgetragen. Jede Schicht sollte nicht dicker als 1 mm sein, um Risse zu vermeiden. Die n\u00e4chste Schicht wird aufgetragen, nachdem die vordere Schicht vollst\u00e4ndig getrocknet ist.<\/p>\n<p><strong>VERPACKUNG<\/strong><br \/>\n25 kg S\u00e4cke \/ 5 kg Plastikeimer.<\/p>\n<p><strong>HALTBARKEIT UND LAGERUNG<\/strong><br \/>\n12 Monate bei Lagerung in Originalverpackung und gesch\u00fctzt vor Frost und direkter Sonneneinstrahlung.<\/p>\n","protected":false},"excerpt":{"rendered":"<p>Wasserfester M\u00f6rtel aus einer Komponente auf Zementbasis<\/p>\n","protected":false},"featured_media":24559,"template":"","meta":{"om_disable_all_campaigns":false,"_monsterinsights_skip_tracking":false,"_monsterinsights_sitenote_active":false,"_monsterinsights_sitenote_note":"","_monsterinsights_sitenote_category":0},"class_list":["post-24558","product","type-product","status-publish","has-post-thumbnail","hentry","product_cat-hydro-insulation","product_cat-one-component-cement-base-hydro-insulation-product"],"aioseo_notices":[],"_links":{"self":[{"href":"https:\/\/deutschcolor.com\/de\/wp-json\/wp\/v2\/product\/24558","targetHints":{"allow":["GET"]}}],"collection":[{"href":"https:\/\/deutschcolor.com\/de\/wp-json\/wp\/v2\/product"}],"about":[{"href":"https:\/\/deutschcolor.com\/de\/wp-json\/wp\/v2\/types\/product"}],"wp:featuredmedia":[{"embeddable":true,"href":"https:\/\/deutschcolor.com\/de\/wp-json\/wp\/v2\/media\/24559"}],"wp:attachment":[{"href":"https:\/\/deutschcolor.com\/de\/wp-json\/wp\/v2\/media?parent=24558"}],"curies":[{"name":"wp","href":"https:\/\/api.w.org\/{rel}","templated":true}]}}