{"id":24560,"date":"2019-08-27T09:15:01","date_gmt":"2019-08-27T09:15:01","guid":{"rendered":"https:\/\/deutschcolor.com\/de\/?post_type=product&#038;p=24560"},"modified":"2020-01-04T21:53:31","modified_gmt":"2020-01-04T21:53:31","slug":"wasser-stop","status":"publish","type":"product","link":"https:\/\/deutschcolor.com\/de\/product\/wasser-stop\/","title":{"rendered":"WASSER STOP"},"content":{"rendered":"<p><strong>EIGENSCHAFTEN<\/strong><br \/>\nEs trocknet schnell nach Kontakt mit Wasser<\/p>\n<p><strong>Anwendungsempfehlungen<\/strong><br \/>\nWASSER STOP dient zum Verschlie\u00dfen von Wasserabl\u00e4ufe, da es ein schnelles Trocknen und Anhaften erm\u00f6glicht.<\/p>\n<p><strong>ANWENDUNGSART<\/strong><br \/>\nSupport-Vorbereitung<br \/>\nDer Tr\u00e4ger sollte sauber und nass sein. Die restlichen Teile, \u00d6le, Farben m\u00fcssen gereinigt werden.<\/p>\n<p>###<\/p>\n<p><strong>VERBRAUCH <\/strong><br \/>\nZur Herstellung eines Volumens von ca. 1 L wird1,6 kg WASSER STOP ben\u00f6tigt<\/p>\n<p><strong>HINWEIS<\/strong><br \/>\n\u2022 Die Anwendungstemperatur sollte zwischen + 5 \u00b0 C und + 35 \u00b0 C liegen.<br \/>\n\u2022 In F\u00e4llen, in denen das zu f\u00fcllende Teil ein gro\u00dfes Volumen hat, WASSER STOP<br \/>\nkann mit einer Sandmenge von 1: 1  Volumenverh\u00e4ltnis bis zu einem Verh\u00e4ltnis 1: 3gemischt werden. Dies verl\u00e4ngert auch die Zeit von Verarbeitbarkeit. Ein weiterer Weg, um die Arbeitszeit zu erh\u00f6hen ist auch die Zugabe einer Menge von gew\u00f6hnlichem Zement.<br \/>\n\u2022 Beim Anwendung  werden Handschuhe empfohlen.<\/p>\n<p><strong>VERPACKUNG<\/strong><br \/>\nPlastikeimer 3Kg<\/p>\n","protected":false},"excerpt":{"rendered":"<p>Schnelltrockenende Abdichtung zum Verschlie\u00dfen von Undichtigkeiten<\/p>\n","protected":false},"featured_media":24561,"template":"","meta":{"om_disable_all_campaigns":false,"_monsterinsights_skip_tracking":false,"_monsterinsights_sitenote_active":false,"_monsterinsights_sitenote_note":"","_monsterinsights_sitenote_category":0},"class_list":["post-24560","product","type-product","status-publish","has-post-thumbnail","hentry","product_cat-hydro-insulation","product_cat-one-component-cement-base-hydro-insulation-product"],"aioseo_notices":[],"_links":{"self":[{"href":"https:\/\/deutschcolor.com\/de\/wp-json\/wp\/v2\/product\/24560","targetHints":{"allow":["GET"]}}],"collection":[{"href":"https:\/\/deutschcolor.com\/de\/wp-json\/wp\/v2\/product"}],"about":[{"href":"https:\/\/deutschcolor.com\/de\/wp-json\/wp\/v2\/types\/product"}],"wp:featuredmedia":[{"embeddable":true,"href":"https:\/\/deutschcolor.com\/de\/wp-json\/wp\/v2\/media\/24561"}],"wp:attachment":[{"href":"https:\/\/deutschcolor.com\/de\/wp-json\/wp\/v2\/media?parent=24560"}],"curies":[{"name":"wp","href":"https:\/\/api.w.org\/{rel}","templated":true}]}}