{"id":24562,"date":"2019-08-27T09:17:59","date_gmt":"2019-08-27T09:17:59","guid":{"rendered":"https:\/\/deutschcolor.com\/de\/?post_type=product&#038;p=24562"},"modified":"2020-01-04T21:54:24","modified_gmt":"2020-01-04T21:54:24","slug":"wasserproof-2kf","status":"publish","type":"product","link":"https:\/\/deutschcolor.com\/de\/product\/wasserproof-2kf\/","title":{"rendered":"WASSERPROOF 2KF"},"content":{"rendered":"<p><strong>EIGENSCHAFTEN<\/strong><br \/>\nZweikomponenten-Isolierung  auf Zementbasis, inert mit selektiver Granulometrie, speziellen Additiven und synthetischen Polymeren in w\u00e4ssriger Dispersion. Durch Vermischen der beiden Komponenten wird eine Masse erhalten, die auch auf senkrechten Fl\u00e4chen bis zu einer Dicke von 1 mm pro Schicht aufgebracht werden kann. Durch den hohen Anteil an Kunstharzen und deren Eigenschaften ist eine hervorragende Haftung auf allen Oberfl\u00e4chen von Betonfertigteilen, Ziegeln und Keramiken gew\u00e4hrleistet. Nach dem Aush\u00e4rten bildet es eine wasserdichte und elastische Beschichtung, die gegen Witterungseinfl\u00fcsse resistent ist.<\/p>\n<p>###<\/p>\n<p><strong>VERPACKUNG<\/strong><br \/>\n25 kg Papiert\u00fcten (Komp. A) und 8 kg Plastikbeutel (Komp. B)<\/p>\n<p><strong>HALTBARHEIT UND LAGERUNG<\/strong><br \/>\n12 Monate, wenn in der Originalverpackung gelagert und vor Frost und direkter Sonneneinstrahlung gesch\u00fctzt.<\/p>\n","protected":false},"excerpt":{"rendered":"<p>Elastisches Zweikomponenten Material  auf Zementbasis und wasserdicht, mit Schutzfunktion f\u00fcr Terrassen, Fundamente und Keller.<\/p>\n","protected":false},"featured_media":24563,"template":"","meta":{"om_disable_all_campaigns":false,"_monsterinsights_skip_tracking":false,"_monsterinsights_sitenote_active":false,"_monsterinsights_sitenote_note":"","_monsterinsights_sitenote_category":0},"class_list":["post-24562","product","type-product","status-publish","has-post-thumbnail","hentry","product_cat-hydro-insulation","product_cat-two-component-cement-base-hydro-insulation-product"],"aioseo_notices":[],"_links":{"self":[{"href":"https:\/\/deutschcolor.com\/de\/wp-json\/wp\/v2\/product\/24562","targetHints":{"allow":["GET"]}}],"collection":[{"href":"https:\/\/deutschcolor.com\/de\/wp-json\/wp\/v2\/product"}],"about":[{"href":"https:\/\/deutschcolor.com\/de\/wp-json\/wp\/v2\/types\/product"}],"wp:featuredmedia":[{"embeddable":true,"href":"https:\/\/deutschcolor.com\/de\/wp-json\/wp\/v2\/media\/24563"}],"wp:attachment":[{"href":"https:\/\/deutschcolor.com\/de\/wp-json\/wp\/v2\/media?parent=24562"}],"curies":[{"name":"wp","href":"https:\/\/api.w.org\/{rel}","templated":true}]}}