{"id":24575,"date":"2019-08-27T09:52:23","date_gmt":"2019-08-27T09:52:23","guid":{"rendered":"https:\/\/deutschcolor.com\/de\/?post_type=product&#038;p=24575"},"modified":"2020-01-05T19:51:16","modified_gmt":"2020-01-05T19:51:16","slug":"izodicht-pu","status":"publish","type":"product","link":"https:\/\/deutschcolor.com\/de\/product\/izodicht-pu\/","title":{"rendered":"IZODICHT PU"},"content":{"rendered":"<p><strong>Eigenschaften<\/strong><br \/>\n\u2022\tBietet hohe Wasserdichtigkeit und Elastizit\u00e4t an.<br \/>\n\u2022\tEs zeichnet sich durch sehr gute Haftungseigenschaften auf allen zementgebundenen Oberfl\u00e4chen sowie auf solchen aus Ziegeln, Holz oder Metall und auf jeder anderen Art von Abdichtungsmaterial aus.<br \/>\n\u2022\tKann in nicht nivellierten Schichten aufgetragen werden.<br \/>\n\u2022\tBietet eine hohe Elastizit\u00e4t, indem die Bildung von Rissen und Rissen, die sich im Laufe der Zeit bilden k\u00f6nnen, vermieden wird.<br \/>\n\u2022\tDie wei\u00dfe Farbe der Isolierung  im Sommer tr\u00e4gt zur Senkung der Temperatur bei. Sie ist luftdicht, l\u00e4sst jedoch Dampfdurchl\u00e4ssigkeit zu.<\/p>\n<p>###<\/p>\n<p><strong>LOKALE ISOLIERUNG VON RISSEN<\/strong><br \/>\nTragen Sie HIDRO PRIMER Primer auf die besch\u00e4digte Oberfl\u00e4che und mit einem Radius von 10 cm entlang der Risse auf. Nach dem Trocknen die Grundierung auf erster Schicht  auftragen.<\/p>\n<p><strong>VERBRAUCH<\/strong><br \/>\n0,8-1 kg \/ m\u00b2<\/p>\n<p><strong>VERPACKUNG<\/strong><br \/>\nPlastikeimer 5Kg \/ 15Kg.<\/p>\n","protected":false},"excerpt":{"rendered":"<p>IZODICHT PU ist ein Terrassenabdichtungsmaterial mit hohem Elastomerharzanteil.<\/p>\n","protected":false},"featured_media":24576,"template":"","meta":{"om_disable_all_campaigns":false,"_monsterinsights_skip_tracking":false,"_monsterinsights_sitenote_active":false,"_monsterinsights_sitenote_note":"","_monsterinsights_sitenote_category":0},"class_list":["post-24575","product","type-product","status-publish","has-post-thumbnail","hentry","product_cat-hydro-insulation","product_cat-one-component-ready-to-use-hydro-insulation-product"],"aioseo_notices":[],"_links":{"self":[{"href":"https:\/\/deutschcolor.com\/de\/wp-json\/wp\/v2\/product\/24575","targetHints":{"allow":["GET"]}}],"collection":[{"href":"https:\/\/deutschcolor.com\/de\/wp-json\/wp\/v2\/product"}],"about":[{"href":"https:\/\/deutschcolor.com\/de\/wp-json\/wp\/v2\/types\/product"}],"wp:featuredmedia":[{"embeddable":true,"href":"https:\/\/deutschcolor.com\/de\/wp-json\/wp\/v2\/media\/24576"}],"wp:attachment":[{"href":"https:\/\/deutschcolor.com\/de\/wp-json\/wp\/v2\/media?parent=24575"}],"curies":[{"name":"wp","href":"https:\/\/api.w.org\/{rel}","templated":true}]}}