{"id":24577,"date":"2019-08-27T10:29:47","date_gmt":"2019-08-27T10:29:47","guid":{"rendered":"https:\/\/deutschcolor.com\/de\/?post_type=product&#038;p=24577"},"modified":"2020-01-05T19:52:43","modified_gmt":"2020-01-05T19:52:43","slug":"isoline","status":"publish","type":"product","link":"https:\/\/deutschcolor.com\/de\/product\/isoline\/","title":{"rendered":"ISOLINE"},"content":{"rendered":"<p><strong>BESCHREIBUNG<\/strong><br \/>\nISOLINE ist ein gebrauchsfertiges Produkt, das mit einem Pinsel oder einer Rolle aufgetragen wird. Nach dem Trocknen bildet sich eine hochelastische Membran, die wasserdicht ist und deren Verdunstung erm\u00f6glicht.<\/p>\n<p><strong>Anwendungsempfehlungen<\/strong><br \/>\nISOLINE ist ideal zum Abdichten von Oberfl\u00e4chen wie Balkonen, Badezimmern usw. vor dem Verlegen von Keramikfliesen. Es eignet sich f\u00fcr alle Oberfl\u00e4chen von Fu\u00dfb\u00f6den oder W\u00e4nden aus Beton, Gipskartonplatten usw. Dieses Produkt kann nicht auf Oberfl\u00e4chen angewendet werden, auf denen Wasserdruck herrscht.<\/p>\n<p>###<\/p>\n<p><strong>VERBRAUCH<\/strong><br \/>\n1 -1,2 lt \/ m\u00b2<\/p>\n<p><strong>VERPACKUNG<\/strong><br \/>\nPlastikeimer 5Kg \/ 15Kg \/ 20Kg.<\/p>\n<p><strong>LAGERUNG UND LEBEN<\/strong><br \/>\n18 Monate bei versiegelter Originalverpackung, trocken und vor direkter Sonneneinstrahlung gesch\u00fctzt.<\/p>\n","protected":false},"excerpt":{"rendered":"<p>Elastische Fl\u00fcssigkeitsabdichtung<\/p>\n","protected":false},"featured_media":24578,"template":"","meta":{"om_disable_all_campaigns":false,"_monsterinsights_skip_tracking":false,"_monsterinsights_sitenote_active":false,"_monsterinsights_sitenote_note":"","_monsterinsights_sitenote_category":0},"class_list":["post-24577","product","type-product","status-publish","has-post-thumbnail","hentry","product_cat-hydro-insulation","product_cat-one-component-ready-to-use-hydro-insulation-product"],"aioseo_notices":[],"_links":{"self":[{"href":"https:\/\/deutschcolor.com\/de\/wp-json\/wp\/v2\/product\/24577","targetHints":{"allow":["GET"]}}],"collection":[{"href":"https:\/\/deutschcolor.com\/de\/wp-json\/wp\/v2\/product"}],"about":[{"href":"https:\/\/deutschcolor.com\/de\/wp-json\/wp\/v2\/types\/product"}],"wp:featuredmedia":[{"embeddable":true,"href":"https:\/\/deutschcolor.com\/de\/wp-json\/wp\/v2\/media\/24578"}],"wp:attachment":[{"href":"https:\/\/deutschcolor.com\/de\/wp-json\/wp\/v2\/media?parent=24577"}],"curies":[{"name":"wp","href":"https:\/\/api.w.org\/{rel}","templated":true}]}}