{"id":24579,"date":"2019-08-27T10:36:12","date_gmt":"2019-08-27T10:36:12","guid":{"rendered":"https:\/\/deutschcolor.com\/de\/?post_type=product&#038;p=24579"},"modified":"2020-01-05T19:55:44","modified_gmt":"2020-01-05T19:55:44","slug":"hydro-primer","status":"publish","type":"product","link":"https:\/\/deutschcolor.com\/de\/product\/hydro-primer\/","title":{"rendered":"HYDRO PRIMER"},"content":{"rendered":"<p><strong>BESCHREIBUNG<\/strong><br \/>\nElastomerauskleidung f\u00fcr das Primer, auf denen die Abdichtung angewendet wird.<br \/>\nW\u00e4ssriges Dispersionspolymer, das auf por\u00f6sen Oberfl\u00e4chen aufgetragen wird und die Haftung zwischen Elastomer-Isolierung  und Tr\u00e4ger deutlich erh\u00f6ht. HYDRO PRIMER kann in alle Poren der Oberfl\u00e4che eindringen, in denen die Isolierung  angewendet werden soll, wodurch die Haftung zwischen der Isolierung  und der zu impr\u00e4gnierenden Oberfl\u00e4che verbessert und erh\u00f6ht wird.<\/p>\n<p>###<\/p>\n<p><strong>HALTBARKEIT UND LAGERUNG<\/strong><br \/>\nDas Produkt kann in Original- und Trockenverpackung bei Temperaturen von + 5 \u00b0 C bis + 35 \u00b0 bis zu 18 Monate gelagert werden.<br \/>\nEs ist zu vermeiden, das Produkt bei niedrigen Temperaturen (Frost) sowie hohen Temperaturen auszusetzen.<\/p>\n<p><strong>Hinweise <\/strong><br \/>\nEs wird empfohlen, das Produkt bei Temperaturen von + 5 \u00b0 C bis + 35 \u00b0 C zu verwenden<\/p>\n<p><strong>Verpackung<\/strong><br \/>\nPlastikflasche 1 kg \/ 5 kg \/ 10 kg.<\/p>\n","protected":false},"excerpt":{"rendered":"<p>HYDRO PRIMER ist ein gebrauchsfertiges Primer, der die Haftung von Abdichtungsschichten auf Beton-, M\u00f6rtel-, Gips- und Gipsplatten deutlich st\u00e4rkt.<\/p>\n","protected":false},"featured_media":24580,"template":"","meta":{"om_disable_all_campaigns":false,"_monsterinsights_skip_tracking":false,"_monsterinsights_sitenote_active":false,"_monsterinsights_sitenote_note":"","_monsterinsights_sitenote_category":0},"class_list":["post-24579","product","type-product","status-publish","has-post-thumbnail","hentry","product_cat-hydro-insulation","product_cat-associative-products-hydro-insulation"],"aioseo_notices":[],"_links":{"self":[{"href":"https:\/\/deutschcolor.com\/de\/wp-json\/wp\/v2\/product\/24579","targetHints":{"allow":["GET"]}}],"collection":[{"href":"https:\/\/deutschcolor.com\/de\/wp-json\/wp\/v2\/product"}],"about":[{"href":"https:\/\/deutschcolor.com\/de\/wp-json\/wp\/v2\/types\/product"}],"wp:featuredmedia":[{"embeddable":true,"href":"https:\/\/deutschcolor.com\/de\/wp-json\/wp\/v2\/media\/24580"}],"wp:attachment":[{"href":"https:\/\/deutschcolor.com\/de\/wp-json\/wp\/v2\/media?parent=24579"}],"curies":[{"name":"wp","href":"https:\/\/api.w.org\/{rel}","templated":true}]}}