{"id":24587,"date":"2019-08-27T10:43:56","date_gmt":"2019-08-27T10:43:56","guid":{"rendered":"https:\/\/deutschcolor.com\/de\/?post_type=product&#038;p=24587"},"modified":"2020-01-05T20:01:16","modified_gmt":"2020-01-05T20:01:16","slug":"pe-drainage","status":"publish","type":"product","link":"https:\/\/deutschcolor.com\/de\/product\/pe-drainage\/","title":{"rendered":"PE DRAINAGE"},"content":{"rendered":"<p>PE-ENTW\u00c4SSERUNG<br \/>\nVerst\u00e4rkungselement w\u00e4hrend des Abdichtungsprozesses f\u00fcr Sanit\u00e4rwandausg\u00e4nge; Wasserleitungen etc.<\/p>\n","protected":false},"excerpt":{"rendered":"<p>PE-ENTW\u00c4SSERUNG<br \/>\nVerst\u00e4rkungselement w\u00e4hrend des Abdichtungsprozesses f\u00fcr Sanit\u00e4rwandausg\u00e4nge; Wasserleitungen etc.<\/p>\n","protected":false},"featured_media":24588,"template":"","meta":{"om_disable_all_campaigns":false,"_monsterinsights_skip_tracking":false,"_monsterinsights_sitenote_active":false,"_monsterinsights_sitenote_note":"","_monsterinsights_sitenote_category":0},"class_list":["post-24587","product","type-product","status-publish","has-post-thumbnail","hentry","product_cat-hydro-insulation","product_cat-associative-products-hydro-insulation"],"aioseo_notices":[],"_links":{"self":[{"href":"https:\/\/deutschcolor.com\/de\/wp-json\/wp\/v2\/product\/24587","targetHints":{"allow":["GET"]}}],"collection":[{"href":"https:\/\/deutschcolor.com\/de\/wp-json\/wp\/v2\/product"}],"about":[{"href":"https:\/\/deutschcolor.com\/de\/wp-json\/wp\/v2\/types\/product"}],"wp:featuredmedia":[{"embeddable":true,"href":"https:\/\/deutschcolor.com\/de\/wp-json\/wp\/v2\/media\/24588"}],"wp:attachment":[{"href":"https:\/\/deutschcolor.com\/de\/wp-json\/wp\/v2\/media?parent=24587"}],"curies":[{"name":"wp","href":"https:\/\/api.w.org\/{rel}","templated":true}]}}