{"id":24591,"date":"2019-08-27T10:51:26","date_gmt":"2019-08-27T10:51:26","guid":{"rendered":"https:\/\/deutschcolor.com\/de\/?post_type=product&#038;p=24591"},"modified":"2020-01-05T20:02:33","modified_gmt":"2020-01-05T20:02:33","slug":"pe-membrane","status":"publish","type":"product","link":"https:\/\/deutschcolor.com\/de\/product\/pe-membrane\/","title":{"rendered":"PE MEMBRANE"},"content":{"rendered":"<p>Teppich f\u00fcr die Verst\u00e4rkung der Isolierung   f\u00fcr B\u00f6den und W\u00e4nde.<\/p>\n","protected":false},"excerpt":{"rendered":"<p>Teppich f\u00fcr die Verst\u00e4rkung der Isolierung   f\u00fcr B\u00f6den und W\u00e4nde.<\/p>\n","protected":false},"featured_media":24592,"template":"","meta":{"om_disable_all_campaigns":false,"_monsterinsights_skip_tracking":false,"_monsterinsights_sitenote_active":false,"_monsterinsights_sitenote_note":"","_monsterinsights_sitenote_category":0},"class_list":["post-24591","product","type-product","status-publish","has-post-thumbnail","hentry","product_cat-hydro-insulation","product_cat-associative-products-hydro-insulation"],"aioseo_notices":[],"_links":{"self":[{"href":"https:\/\/deutschcolor.com\/de\/wp-json\/wp\/v2\/product\/24591","targetHints":{"allow":["GET"]}}],"collection":[{"href":"https:\/\/deutschcolor.com\/de\/wp-json\/wp\/v2\/product"}],"about":[{"href":"https:\/\/deutschcolor.com\/de\/wp-json\/wp\/v2\/types\/product"}],"wp:featuredmedia":[{"embeddable":true,"href":"https:\/\/deutschcolor.com\/de\/wp-json\/wp\/v2\/media\/24592"}],"wp:attachment":[{"href":"https:\/\/deutschcolor.com\/de\/wp-json\/wp\/v2\/media?parent=24591"}],"curies":[{"name":"wp","href":"https:\/\/api.w.org\/{rel}","templated":true}]}}