{"id":24593,"date":"2019-08-27T11:24:09","date_gmt":"2019-08-27T11:24:09","guid":{"rendered":"https:\/\/deutschcolor.com\/de\/?post_type=product&#038;p=24593"},"modified":"2020-01-05T20:05:32","modified_gmt":"2020-01-05T20:05:32","slug":"sl-30","status":"publish","type":"product","link":"https:\/\/deutschcolor.com\/de\/product\/sl-30\/","title":{"rendered":"SL 30"},"content":{"rendered":"<p><strong>BESCHREIBUNG<\/strong><br \/>\nSL 30 ist ein selbstverlaufendes und modifiziertes Additiv auf Zementbasis, das f\u00fcr Fu\u00dfb\u00f6den und Bodenbel\u00e4ge verwendet wird. Es ist nach EN 13813 als CT-C40-F10-AR2 klassifiziert.<\/p>\n<p><strong>ANWENDUNGSBEREICH<\/strong><br \/>\n\u2022 Wird zur Vorbereitung glatter Oberfl\u00e4chen oder Schichten vor dem Verlegen von Materialien wie Keramikfliesen, Fu\u00dfb\u00f6den usw. verwendet.<br \/>\n\u2022 Wird auch als Decklack f\u00fcr Fundamente, Lagerhallen, Dachb\u00f6den usw. verwendet.<\/p>\n<p>###<\/p>\n<p><strong>VERBRAUCH<\/strong><br \/>\nCa.. 1,5 kg \/ m\u00b2 pro mm Schichtdicke.<\/p>\n<p><strong>VERPACKUNG<\/strong><br \/>\nPapiert\u00fcte 25 Kg.<\/p>\n<p><strong>HALTBARKEIT UND LAGERUNG<\/strong><br \/>\n12 Monate bei Lagerung in unge\u00f6ffneter Originalverpackung. Es muss vor direkter Sonneneinstrahlung und Frost gesch\u00fctzt werden.<\/p>\n","protected":false},"excerpt":{"rendered":"<p>Selbstverlaufend mit hohem Anteil an Zement und modifizierten Additiven.<\/p>\n","protected":false},"featured_media":24594,"template":"","meta":{"om_disable_all_campaigns":false,"_monsterinsights_skip_tracking":false,"_monsterinsights_sitenote_active":false,"_monsterinsights_sitenote_note":"","_monsterinsights_sitenote_category":0},"class_list":["post-24593","product","type-product","status-publish","has-post-thumbnail","hentry","product_cat-decorative-sportive-and-industrial-floors","product_cat-self-leveling-cement-base"],"aioseo_notices":[],"_links":{"self":[{"href":"https:\/\/deutschcolor.com\/de\/wp-json\/wp\/v2\/product\/24593","targetHints":{"allow":["GET"]}}],"collection":[{"href":"https:\/\/deutschcolor.com\/de\/wp-json\/wp\/v2\/product"}],"about":[{"href":"https:\/\/deutschcolor.com\/de\/wp-json\/wp\/v2\/types\/product"}],"wp:featuredmedia":[{"embeddable":true,"href":"https:\/\/deutschcolor.com\/de\/wp-json\/wp\/v2\/media\/24594"}],"wp:attachment":[{"href":"https:\/\/deutschcolor.com\/de\/wp-json\/wp\/v2\/media?parent=24593"}],"curies":[{"name":"wp","href":"https:\/\/api.w.org\/{rel}","templated":true}]}}