{"id":24602,"date":"2019-08-27T11:37:16","date_gmt":"2019-08-27T11:37:16","guid":{"rendered":"https:\/\/deutschcolor.com\/de\/?post_type=product&#038;p=24602"},"modified":"2020-01-05T20:14:49","modified_gmt":"2020-01-05T20:14:49","slug":"pu-s880","status":"publish","type":"product","link":"https:\/\/deutschcolor.com\/de\/product\/pu-s880\/","title":{"rendered":"PU S880"},"content":{"rendered":"<p><strong>EIGENSCHAFTEN<\/strong><br \/>\n &#8211; PU S880 ist ein synthetischer Klebstoff auf Polyurethanbasis.<br \/>\n &#8211; PU S880 enth\u00e4lt kein L\u00f6sungsmittel.<br \/>\n &#8211; Der PU S880 erreicht ein hohes Ma\u00df an Flexibilit\u00e4t und Haftung.<br \/>\n &#8211; PU S880 bietet eine hohe Haftung auf jeder Art von Tr\u00e4ger.<br \/>\n &#8211; PU S880 sorgt f\u00fcr gute Verarbeitbarkeit auch bei niedrigen Temperaturen.<\/p>\n<p><strong>APPLIKATIONSVERFAHREN<\/strong><br \/>\nOberfl\u00e4chenvorbereitung<br \/>\nDie Oberfl\u00e4che muss gem\u00e4\u00df den technischen Anforderungen der Normen f\u00fcr die Sportpl\u00e4tze vorbereitet werden.<\/p>\n<p>###<\/p>\n<p><strong>ANWENDUNG<\/strong><br \/>\nMischen Sie vor der Verwendung den Klebstoff. Wenn die Oberfl\u00e4chenmembran gebildet wird, wird sie auf jeden Fall entfernt. Der PU S880 wird mit einem f\u00fcr Fu\u00dfb\u00f6den geeigneten Zahnstocher auf die Oberfl\u00e4che aufgetragen. Die Lebensdauer des PU S880-Produkts betr\u00e4gt unter normalen Temperatur- und Feuchtigkeitsbedingungen maximal 30 Minuten. Wenn die Anwendung die Bildung der Membran sieht, wird der Klebstoff entfernt und erneut aufgetragen.<\/p>\n<p><strong>HALTBARKEIT UND LAGERUNG<\/strong><br \/>\n12 Monate bei Lagerung in unge\u00f6ffneter Originalverpackung in trockenen R\u00e4umen<\/p>\n<p><strong>Verpackung<\/strong><br \/>\nPlastikeimer 5Kg \/ 15Kg.<\/p>\n","protected":false},"excerpt":{"rendered":"<p>Klebstoff f\u00fcr Kunstrasen und Teppiche auf Polyurethanbasis.<\/p>\n","protected":false},"featured_media":24603,"template":"","meta":{"om_disable_all_campaigns":false,"_monsterinsights_skip_tracking":false,"_monsterinsights_sitenote_active":false,"_monsterinsights_sitenote_note":"","_monsterinsights_sitenote_category":0},"class_list":["post-24602","product","type-product","status-publish","has-post-thumbnail","hentry","product_cat-decorative-sportive-and-industrial-floors","product_cat-sportive-floor"],"aioseo_notices":[],"_links":{"self":[{"href":"https:\/\/deutschcolor.com\/de\/wp-json\/wp\/v2\/product\/24602","targetHints":{"allow":["GET"]}}],"collection":[{"href":"https:\/\/deutschcolor.com\/de\/wp-json\/wp\/v2\/product"}],"about":[{"href":"https:\/\/deutschcolor.com\/de\/wp-json\/wp\/v2\/types\/product"}],"wp:featuredmedia":[{"embeddable":true,"href":"https:\/\/deutschcolor.com\/de\/wp-json\/wp\/v2\/media\/24603"}],"wp:attachment":[{"href":"https:\/\/deutschcolor.com\/de\/wp-json\/wp\/v2\/media?parent=24602"}],"curies":[{"name":"wp","href":"https:\/\/api.w.org\/{rel}","templated":true}]}}