{"id":24606,"date":"2019-08-27T11:39:55","date_gmt":"2019-08-27T11:39:55","guid":{"rendered":"https:\/\/deutschcolor.com\/de\/?post_type=product&#038;p=24606"},"modified":"2020-01-05T20:16:51","modified_gmt":"2020-01-05T20:16:51","slug":"primer-880","status":"publish","type":"product","link":"https:\/\/deutschcolor.com\/de\/product\/primer-880\/","title":{"rendered":"PRIMER 880"},"content":{"rendered":"<p><strong>EIGENSCHAFTEN<\/strong><br \/>\nPrimer  auf Acrylharzbasis f\u00fcr Innen- und Au\u00dfenanwendungen in Wasserdispersion und F\u00fcllstoff mit selektiver Granulometrie. Aufgrund der Produktformulierung weist der PRIMER 880 eine sehr gute Haftung und Langlebigkeit auf. Das Produkt hat eine hohe Best\u00e4ndigkeit gegen verschiedene Wetterbedingungen. Das Produkt hat sowohl auf neuen als auch auf vorlackierten Oberfl\u00e4chen sehr gute Hafteigenschaften.<\/p>\n<p><strong>EMPFEHLUNGEN F\u00dcR DEN GEBRAUCH<\/strong><br \/>\nDer PRIMER 880 wird verwendet, um vorgestrichene Sportb\u00f6den mit FLOORCOAT FINAL zu behandeln, z. B. Tennispl\u00e4tze, Basketballpl\u00e4tze, Handballpl\u00e4tze, Volleyballpl\u00e4tze, Zahnsteinbahnen auf Fu\u00dfballfeldern usw. Es wird auf Betonoberfl\u00e4chen, Asphalt usw. aufgetragen.<\/p>\n<p>###<\/p>\n<p><strong>VERPACKUNG<\/strong><br \/>\nPlastikeimer 4Kg<\/p>\n<p><strong>VERBRAUCH<\/strong><br \/>\nGlatte Oberfl\u00e4che: 250 &#8211; 300 gr \/ m2 \/ Schicht<\/p>\n<p><strong>HALTBARKEIT UND LAGERUNG<\/strong><br \/>\nIn einem gut verschlossenen Beh\u00e4lter an einem trockenen, schattigen Ort mit niedriger Luftfeuchtigkeit aufbewahren.<\/p>\n","protected":false},"excerpt":{"rendered":"<p>Wasserdispersionsprimer auf Acrylharzbasis zur Behandlung von Sportpl\u00e4tzen<\/p>\n","protected":false},"featured_media":24607,"template":"","meta":{"om_disable_all_campaigns":false,"_monsterinsights_skip_tracking":false,"_monsterinsights_sitenote_active":false,"_monsterinsights_sitenote_note":"","_monsterinsights_sitenote_category":0},"class_list":["post-24606","product","type-product","status-publish","has-post-thumbnail","hentry","product_cat-decorative-sportive-and-industrial-floors","product_cat-sportive-floor"],"aioseo_notices":[],"_links":{"self":[{"href":"https:\/\/deutschcolor.com\/de\/wp-json\/wp\/v2\/product\/24606","targetHints":{"allow":["GET"]}}],"collection":[{"href":"https:\/\/deutschcolor.com\/de\/wp-json\/wp\/v2\/product"}],"about":[{"href":"https:\/\/deutschcolor.com\/de\/wp-json\/wp\/v2\/types\/product"}],"wp:featuredmedia":[{"embeddable":true,"href":"https:\/\/deutschcolor.com\/de\/wp-json\/wp\/v2\/media\/24607"}],"wp:attachment":[{"href":"https:\/\/deutschcolor.com\/de\/wp-json\/wp\/v2\/media?parent=24606"}],"curies":[{"name":"wp","href":"https:\/\/api.w.org\/{rel}","templated":true}]}}