{"id":24608,"date":"2019-08-27T11:41:48","date_gmt":"2019-08-27T11:41:48","guid":{"rendered":"https:\/\/deutschcolor.com\/de\/?post_type=product&#038;p=24608"},"modified":"2020-01-05T20:17:56","modified_gmt":"2020-01-05T20:17:56","slug":"resin-slp","status":"publish","type":"product","link":"https:\/\/deutschcolor.com\/de\/product\/resin-slp\/","title":{"rendered":"RESIN SLP"},"content":{"rendered":"<p><strong>EIGENSCHAFTEN<\/strong><br \/>\nInnen- und Au\u00dfenfarben auf Acrylharzbasis in w\u00e4ssriger Dispersion und F\u00fcllstoff mit ausgew\u00e4hlter Granulometrie. RESIN SLP hat aufgrund der Produktformulierung eine sehr gute Deckkraft und Haltbarkeit. Das Produkt hat eine hohe Best\u00e4ndigkeit gegen verschiedene Wetterbedingungen und Korrosion. Das Produkt hat sowohl auf neuen als auch auf vorlackierten Oberfl\u00e4chen sehr gute Hafteigenschaften.<\/p>\n<p><strong>EMPFEHLUNGEN F\u00dcR DEN GEBRAUCH<\/strong><br \/>\nDer RESIN SLP wird f\u00fcr Liniensportarten wie Tennispl\u00e4tze, Basketballpl\u00e4tze, Handballpl\u00e4tze, Volleyballpl\u00e4tze, Zahnsteinbahnen auf Fu\u00dfballfeldern usw. verwendet.<\/p>\n<p>###<\/p>\n<p><strong>VERPACKUNG<\/strong><br \/>\nPlastikeimer 4Kg<\/p>\n<p><strong>VERBRAUCH<\/strong><br \/>\nGlatte Oberfl\u00e4che: 250 &#8211; 300 gr \/ m2 \/ Schicht<\/p>\n<p><strong>HALTBARKEIT UND LAGERUNG<\/strong><br \/>\nIn einem gut verschlossenen Beh\u00e4lter an einem trockenen, schattigen Ort mit niedriger Luftfeuchtigkeit aufbewahren.<\/p>\n","protected":false},"excerpt":{"rendered":"<p>Wasserdispersionsfarbe auf Acrylharzbasis f\u00fcr Innen- und Au\u00dfensportbereiche.<\/p>\n","protected":false},"featured_media":24609,"template":"","meta":{"om_disable_all_campaigns":false,"_monsterinsights_skip_tracking":false,"_monsterinsights_sitenote_active":false,"_monsterinsights_sitenote_note":"","_monsterinsights_sitenote_category":0},"class_list":["post-24608","product","type-product","status-publish","has-post-thumbnail","hentry","product_cat-decorative-sportive-and-industrial-floors","product_cat-sportive-floor"],"aioseo_notices":[],"_links":{"self":[{"href":"https:\/\/deutschcolor.com\/de\/wp-json\/wp\/v2\/product\/24608","targetHints":{"allow":["GET"]}}],"collection":[{"href":"https:\/\/deutschcolor.com\/de\/wp-json\/wp\/v2\/product"}],"about":[{"href":"https:\/\/deutschcolor.com\/de\/wp-json\/wp\/v2\/types\/product"}],"wp:featuredmedia":[{"embeddable":true,"href":"https:\/\/deutschcolor.com\/de\/wp-json\/wp\/v2\/media\/24609"}],"wp:attachment":[{"href":"https:\/\/deutschcolor.com\/de\/wp-json\/wp\/v2\/media?parent=24608"}],"curies":[{"name":"wp","href":"https:\/\/api.w.org\/{rel}","templated":true}]}}