{"id":24610,"date":"2019-08-27T11:44:01","date_gmt":"2019-08-27T11:44:01","guid":{"rendered":"https:\/\/deutschcolor.com\/de\/?post_type=product&#038;p=24610"},"modified":"2020-01-05T20:19:14","modified_gmt":"2020-01-05T20:19:14","slug":"3k-primer","status":"publish","type":"product","link":"https:\/\/deutschcolor.com\/de\/product\/3k-primer\/","title":{"rendered":"3K PRIMER"},"content":{"rendered":"<p><strong>EIGENSCHAFTEN <\/strong><br \/>\n3K PRIMER ist ein 3-Komponenten-Produkt auf Wasserbasis. Komponenten A + B basieren auf Epoxid, w\u00e4hrend Komponente C auf Zement basiert. Es ist als &#8220;Klasse II&#8221; f\u00fcr Feuchtigkeitsbest\u00e4ndigkeit zertifiziert und somit ideal f\u00fcr Anwendungen, die Unterdruck ausgesetzt sind. Das Produkt bietet eine hohe Abriebfestigkeit. Es ist best\u00e4ndig gegen Wasser, S\u00e4uren, Laugen, Erd\u00f6lprodukte usw. 3K PRIMER kann auf trockenen oder leicht feuchten Oberfl\u00e4chen aufgetragen werden.<\/p>\n<p><strong>REINIGUNG <\/strong><br \/>\nDie Arbeitsger\u00e4te sollten unmittelbar nach Beendigung der Arbeiten mit Wasser gereinigt werden, noch bevor die Materialreaktion einsetzt.<\/p>\n<p>###<\/p>\n<p><strong>HALTBARKEIT UND LAGERUNG<\/strong><br \/>\n24 Monate bei Lagerung in unge\u00f6ffneter Originalverpackung an trockenen Orten und bei Temperaturen zwischen 50 \u00b0 C und 250 \u00b0 C.<br \/>\n<strong><br \/>\nVERBRAUCH<\/strong><br \/>\n250-300 g \/ m\u00b2<\/p>\n<p><strong>VERPACKUNG<\/strong><br \/>\nDosen 2,8 kg (Komp. A), 1,2 kg Plastikeimer (Komp. B) und 2 kg Dosen (Komp. C).<\/p>\n","protected":false},"excerpt":{"rendered":"<p>3-Komponenten-Grundierung auf Epoxid- und Zementbasis. Wird zum Beschichten von Oberfl\u00e4chen verwendet, auf denen Epoxidprodukte wie SL INDUSTRIAL oder BODEN FARBE aufgetragen werden.<\/p>\n","protected":false},"featured_media":24841,"template":"","meta":{"om_disable_all_campaigns":false,"_monsterinsights_skip_tracking":false,"_monsterinsights_sitenote_active":false,"_monsterinsights_sitenote_note":"","_monsterinsights_sitenote_category":0},"class_list":["post-24610","product","type-product","status-publish","has-post-thumbnail","hentry","product_cat-decorative-sportive-and-industrial-floors","product_cat-epoxy-base-primers"],"aioseo_notices":[],"_links":{"self":[{"href":"https:\/\/deutschcolor.com\/de\/wp-json\/wp\/v2\/product\/24610","targetHints":{"allow":["GET"]}}],"collection":[{"href":"https:\/\/deutschcolor.com\/de\/wp-json\/wp\/v2\/product"}],"about":[{"href":"https:\/\/deutschcolor.com\/de\/wp-json\/wp\/v2\/types\/product"}],"wp:featuredmedia":[{"embeddable":true,"href":"https:\/\/deutschcolor.com\/de\/wp-json\/wp\/v2\/media\/24841"}],"wp:attachment":[{"href":"https:\/\/deutschcolor.com\/de\/wp-json\/wp\/v2\/media?parent=24610"}],"curies":[{"name":"wp","href":"https:\/\/api.w.org\/{rel}","templated":true}]}}