{"id":24615,"date":"2019-08-27T11:49:50","date_gmt":"2019-08-27T11:49:50","guid":{"rendered":"https:\/\/deutschcolor.com\/de\/?post_type=product&#038;p=24615"},"modified":"2020-01-05T20:23:52","modified_gmt":"2020-01-05T20:23:52","slug":"mortel-y-tong","status":"publish","type":"product","link":"https:\/\/deutschcolor.com\/de\/product\/mortel-y-tong\/","title":{"rendered":"M\u00d6RTEL Y-TONG"},"content":{"rendered":"<p><strong>TECHNISCHE EIGENSCHAFTEN<\/strong><br \/>\n\u2022 Klebstoffe auf Staubbasis: Zement, Sand mit ausgew\u00e4hlter K\u00f6rnung, Kunstharze und Spezialadditive.<br \/>\n\u2022 Sehr gute Haftung, leichtes \u00d6ffnen und sehr gute Wasserretention.<br \/>\n\u2022 F\u00fcr Innen- und Au\u00dfenr\u00e4ume.<\/p>\n<p><strong>Anwendungsempfehlungen<\/strong><br \/>\nEs wird zur Verklebung von Ziegel- und Blockw\u00e4nden auf allen Arten von Tr\u00e4gern verwendet.<br \/>\nDas Produkt wird maschinell oder manuell aufgetragen. Beim Auftragen des Produkts sollten die Tr\u00e4gertemperatur und die Umgebungstemperatur zwischen + 5 \u00b0 C und + 35 \u00b0 C liegen.<\/p>\n<p>###<\/p>\n<p><strong>LAGERUNG UND HALTBARKEIT<\/strong><br \/>\n12 Monate, wenn das Produkt in der unge\u00f6ffneten Originalverpackung an einem vor Feuchtigkeit und Frost gesch\u00fctzten Ort gelagert wird.<\/p>\n<p><strong>Verbrauch: 25 kg \/ m2 \/ mm Dicke<\/strong><\/p>\n<p><strong>Verpackung<\/strong>: 25 kg Papiert\u00fcten.<\/p>\n","protected":false},"excerpt":{"rendered":"<p>Klebstoff auf Zementbasis f\u00fcr AAC-Bl\u00f6cke.<\/p>\n","protected":false},"featured_media":24616,"template":"","meta":{"om_disable_all_campaigns":false,"_monsterinsights_skip_tracking":false,"_monsterinsights_sitenote_active":false,"_monsterinsights_sitenote_note":"","_monsterinsights_sitenote_category":0},"class_list":["post-24615","product","type-product","status-publish","has-post-thumbnail","hentry","product_cat-mortars","product_cat-plastering-mortars"],"aioseo_notices":[],"_links":{"self":[{"href":"https:\/\/deutschcolor.com\/de\/wp-json\/wp\/v2\/product\/24615","targetHints":{"allow":["GET"]}}],"collection":[{"href":"https:\/\/deutschcolor.com\/de\/wp-json\/wp\/v2\/product"}],"about":[{"href":"https:\/\/deutschcolor.com\/de\/wp-json\/wp\/v2\/types\/product"}],"wp:featuredmedia":[{"embeddable":true,"href":"https:\/\/deutschcolor.com\/de\/wp-json\/wp\/v2\/media\/24616"}],"wp:attachment":[{"href":"https:\/\/deutschcolor.com\/de\/wp-json\/wp\/v2\/media?parent=24615"}],"curies":[{"name":"wp","href":"https:\/\/api.w.org\/{rel}","templated":true}]}}