{"id":24623,"date":"2019-08-27T11:58:51","date_gmt":"2019-08-27T11:58:51","guid":{"rendered":"https:\/\/deutschcolor.com\/de\/?post_type=product&#038;p=24623"},"modified":"2020-01-05T20:30:15","modified_gmt":"2020-01-05T20:30:15","slug":"gp-repair","status":"publish","type":"product","link":"https:\/\/deutschcolor.com\/de\/product\/gp-repair\/","title":{"rendered":"GP REPAIR"},"content":{"rendered":"<p><strong>EIGENSCHAFTEN<\/strong><br \/>\n&#8211; Hohe mechanische Best\u00e4ndigkeit<br \/>\n&#8211; Es schrumpft nicht<br \/>\n&#8211; Bietet hohe Verarbeitbarkeit, Haftung, Frostbest\u00e4ndigkeit, Schlag und Feuchtigkeit<br \/>\n&#8211; Es rei\u00dft nicht und rutscht nicht zu hohen Dicken.<br \/>\n<strong>EMPFEHLUNGEN F\u00dcR DEN GEBRAUCH<\/strong><\/p>\n<p>GP REPAIR repariert alle unregelm\u00e4\u00dfigen Konstruktionen mit einer Dicke von bis zu 6 cm in einer Schicht, ohne zu formen, und eignet sich f\u00fcr alle Arten von Betonreparaturen, zum Anpassen von abgebrochenen Ecken, Balkonen, S\u00e4ulen, L\u00f6chern und Konstruktionen Rinnen.<\/p>\n<p>###<\/p>\n<p><strong>VERBRAUCH<\/strong><br \/>\nEtwa 18 kg \/ m\u00b2 pro cm Dicke.<\/p>\n<p><strong>VERPACKUNG<\/strong><br \/>\nPapiert\u00fcten 25Kg<\/p>\n<p><strong>LEBEN UND LAGERUNG<\/strong><br \/>\n12 Monate bei Lagerung in unge\u00f6ffneter Originalverpackung, an Orten, die vor Feuchtigkeit und Frost gesch\u00fctzt sind.<\/p>\n","protected":false},"excerpt":{"rendered":"<p>Reparaturm\u00f6rtel auf Zementbasis, Kunstharze und spezielle Additive<\/p>\n","protected":false},"featured_media":24624,"template":"","meta":{"om_disable_all_campaigns":false,"_monsterinsights_skip_tracking":false,"_monsterinsights_sitenote_active":false,"_monsterinsights_sitenote_note":"","_monsterinsights_sitenote_category":0},"class_list":["post-24623","product","type-product","status-publish","has-post-thumbnail","hentry","product_cat-mortars","product_cat-repairing-mortars"],"aioseo_notices":[],"_links":{"self":[{"href":"https:\/\/deutschcolor.com\/de\/wp-json\/wp\/v2\/product\/24623","targetHints":{"allow":["GET"]}}],"collection":[{"href":"https:\/\/deutschcolor.com\/de\/wp-json\/wp\/v2\/product"}],"about":[{"href":"https:\/\/deutschcolor.com\/de\/wp-json\/wp\/v2\/types\/product"}],"wp:featuredmedia":[{"embeddable":true,"href":"https:\/\/deutschcolor.com\/de\/wp-json\/wp\/v2\/media\/24624"}],"wp:attachment":[{"href":"https:\/\/deutschcolor.com\/de\/wp-json\/wp\/v2\/media?parent=24623"}],"curies":[{"name":"wp","href":"https:\/\/api.w.org\/{rel}","templated":true}]}}