{"id":24625,"date":"2019-08-27T12:00:31","date_gmt":"2019-08-27T12:00:31","guid":{"rendered":"https:\/\/deutschcolor.com\/de\/?post_type=product&#038;p=24625"},"modified":"2020-01-05T20:31:12","modified_gmt":"2020-01-05T20:31:12","slug":"gp-repair-fast","status":"publish","type":"product","link":"https:\/\/deutschcolor.com\/de\/product\/gp-repair-fast\/","title":{"rendered":"GP REPAIR FAST"},"content":{"rendered":"<p><strong>EIGENSCHAFTEN<\/strong><br \/>\n&#8211; H\u00e4rtet schnell aus und hat eine hohe Best\u00e4ndigkeit<br \/>\n&#8211; Es enth\u00e4lt weder Chloride noch \u00e4tzende Verbindungen<br \/>\n&#8211; 7 Minuten verarbeitbar, w\u00e4hrend der Aush\u00e4rtungsvorgang nach 15 Minuten beginnt<br \/>\n&#8211; Hat eine hohe Best\u00e4ndigkeit gegen Frost, Feuchtigkeit und Korrosion durch chemische Substanzen wie Salpetersalze, Schwefelsalze und Chloride<br \/>\n&#8211; Hat eine hohe Untergrundhaftung, hervorragende Verarbeitbarkeit, keine Schrumpfung und keine Risse.<\/p>\n<p>###<\/p>\n<p><strong>VERBRAUCH<\/strong><br \/>\nEtwa 18 kg \/ m\u00b2 pro cm Dicke.<\/p>\n<p><strong>VERPACKUNG<\/strong><br \/>\nPapiert\u00fcten 25Kg<\/p>\n<p><strong>HALTBARKEIT UND LAGERUNG<\/strong><br \/>\n24 Monate bei Lagerung in unge\u00f6ffneter Originalverpackung, an feuchtigkeits- und frostgesch\u00fctzten Orten und bei Temperaturen \u00fcber + 10 \u00b0 C.<\/p>\n","protected":false},"excerpt":{"rendered":"<p>Spezifisches Pulver f\u00fcr schnell aush\u00e4rtende und hochfeste Reparaturen auf Zementbasis.<\/p>\n","protected":false},"featured_media":24626,"template":"","meta":{"om_disable_all_campaigns":false,"_monsterinsights_skip_tracking":false,"_monsterinsights_sitenote_active":false,"_monsterinsights_sitenote_note":"","_monsterinsights_sitenote_category":0},"class_list":["post-24625","product","type-product","status-publish","has-post-thumbnail","hentry","product_cat-mortars","product_cat-repairing-mortars"],"aioseo_notices":[],"_links":{"self":[{"href":"https:\/\/deutschcolor.com\/de\/wp-json\/wp\/v2\/product\/24625","targetHints":{"allow":["GET"]}}],"collection":[{"href":"https:\/\/deutschcolor.com\/de\/wp-json\/wp\/v2\/product"}],"about":[{"href":"https:\/\/deutschcolor.com\/de\/wp-json\/wp\/v2\/types\/product"}],"wp:featuredmedia":[{"embeddable":true,"href":"https:\/\/deutschcolor.com\/de\/wp-json\/wp\/v2\/media\/24626"}],"wp:attachment":[{"href":"https:\/\/deutschcolor.com\/de\/wp-json\/wp\/v2\/media?parent=24625"}],"curies":[{"name":"wp","href":"https:\/\/api.w.org\/{rel}","templated":true}]}}