{"id":24627,"date":"2019-08-27T12:04:32","date_gmt":"2019-08-27T12:04:32","guid":{"rendered":"https:\/\/deutschcolor.com\/de\/?post_type=product&#038;p=24627"},"modified":"2020-01-05T20:32:58","modified_gmt":"2020-01-05T20:32:58","slug":"betogrout-a11","status":"publish","type":"product","link":"https:\/\/deutschcolor.com\/de\/product\/betogrout-a11\/","title":{"rendered":"BETOGROUT A11"},"content":{"rendered":"<p><strong>EIGENSCHAFTEN<\/strong><br \/>\n-Hohe mechanische Best\u00e4ndigkeit<br \/>\n&#8211; Schrumpft nicht<br \/>\n-F\u00fcr den Innen- und Au\u00dfenbereich<br \/>\nBietet hohe Verarbeitbarkeit, Haftung, Best\u00e4ndigkeit gegen Frost, Druck  und Feuchtigkeit.<br \/>\n&#8211; Aufgrund hydraulischer Verbindungen, spezieller Polymere, ausgew\u00e4hlter inerter und synthetischer Fasern rei\u00dft es nicht.<br \/>\n<strong>EMPFEHLUNGEN F\u00dcR DEN GEBRAUCH<\/strong><br \/>\nBETOGROUT A11, geeignet f\u00fcr schnelle Reparaturen von Betonelementen, Befestigungen, Ankern, Stanzen, Dachrinnen. Es wird dort eingesetzt, wo ein hoher Widerstand und eine hohe Arbeitsgeschwindigkeit erforderlich sind.<\/p>\n<p>###<\/p>\n<p>Gie\u00dfen Sie das Zementpulver in einem Verh\u00e4ltnis von 25 kg Pulver zu 5,5 l Wasser in klares Wasser und mischen Sie die Masse mit einem langsamen Bohrer oder Betonmischer, bis eine homogene Masse entsteht, die f\u00fcr jede Verwendung geeignet ist. Das Ma\u00df bleibt 10 Minuten verarbeitbar und wird entweder mit einer Kelle f\u00fcr Reparaturen oder mit einer Gie\u00dfmaschine aufgetragen, wenn die Oberfl\u00e4chen ein Beschichtungsmaterial mit hoher mechanischer Festigkeit ben\u00f6tigen.<\/p>\n<p><strong>VERBRAUCH<\/strong><br \/>\nSchichtdicke ca. 18 kg \/ m2 \/ cm<\/p>\n<p><strong>VERPACKUNG<\/strong><br \/>\nPapiert\u00fcten 25Kg.<\/p>\n","protected":false},"excerpt":{"rendered":"<p>Schnelltrocknender Zementm\u00f6rtel f\u00fcr Reparaturen von Betonkonstruktionen, D\u00fcbel<\/p>\n","protected":false},"featured_media":24630,"template":"","meta":{"om_disable_all_campaigns":false,"_monsterinsights_skip_tracking":false,"_monsterinsights_sitenote_active":false,"_monsterinsights_sitenote_note":"","_monsterinsights_sitenote_category":0},"class_list":["post-24627","product","type-product","status-publish","has-post-thumbnail","hentry","product_cat-mortars","product_cat-repairing-mortars"],"aioseo_notices":[],"_links":{"self":[{"href":"https:\/\/deutschcolor.com\/de\/wp-json\/wp\/v2\/product\/24627","targetHints":{"allow":["GET"]}}],"collection":[{"href":"https:\/\/deutschcolor.com\/de\/wp-json\/wp\/v2\/product"}],"about":[{"href":"https:\/\/deutschcolor.com\/de\/wp-json\/wp\/v2\/types\/product"}],"wp:featuredmedia":[{"embeddable":true,"href":"https:\/\/deutschcolor.com\/de\/wp-json\/wp\/v2\/media\/24630"}],"wp:attachment":[{"href":"https:\/\/deutschcolor.com\/de\/wp-json\/wp\/v2\/media?parent=24627"}],"curies":[{"name":"wp","href":"https:\/\/api.w.org\/{rel}","templated":true}]}}