{"id":24632,"date":"2019-08-27T12:09:27","date_gmt":"2019-08-27T12:09:27","guid":{"rendered":"https:\/\/deutschcolor.com\/de\/?post_type=product&#038;p=24632"},"modified":"2020-01-05T20:35:50","modified_gmt":"2020-01-05T20:35:50","slug":"betogrout-c57","status":"publish","type":"product","link":"https:\/\/deutschcolor.com\/de\/product\/betogrout-c57\/","title":{"rendered":"BETOGROUT C57"},"content":{"rendered":"<p><strong>EIGENSCHAFTEN<\/strong><br \/>\n&#8211; Hohe mechanische Best\u00e4ndigkeit<br \/>\n&#8211; Es schrumpft nicht<br \/>\n&#8211; F\u00fcr den Innen- und Au\u00dfenbereich<br \/>\n&#8211; Aufgrund hydraulischer Verbindungen, spezieller Polymere, ausgew\u00e4hlter inerter und synthetischer Fasern rei\u00dft es nicht.<\/p>\n<p><strong>EMPFEHLUNGEN F\u00dcR DEN GEBRAUCH<\/strong><br \/>\nBETOGROUT C57, geeignet zum Befestigen, Verankern von Metallstrukturen, Stanzen von L\u00f6chern und allgemein dort, wo ein hoher Widerstand und eine hohe Arbeitsgeschwindigkeit erforderlich sind.<\/p>\n<p>###<\/p>\n<p><strong>VERBRAUCH<\/strong><br \/>\nSchichtdicke ca. 18 kg \/ m2 \/ cm<\/p>\n<p><strong>VERPACKUNG<\/strong><br \/>\nPapiert\u00fcten 25Kg<\/p>\n<p><strong>HALTBARHEIT UND LAGERUNG<\/strong><br \/>\n24 Monate bei Lagerung in unge\u00f6ffneter Originalverpackung, an feuchtigkeits- und frostgesch\u00fctzten Orten und bei Temperaturen \u00fcber + 10 \u00b0 C.<\/p>\n","protected":false},"excerpt":{"rendered":"<p>Schnelltrocknender Zementm\u00f6rtel zur Verankerung von Metallstrukturen<\/p>\n","protected":false},"featured_media":24628,"template":"","meta":{"om_disable_all_campaigns":false,"_monsterinsights_skip_tracking":false,"_monsterinsights_sitenote_active":false,"_monsterinsights_sitenote_note":"","_monsterinsights_sitenote_category":0},"class_list":["post-24632","product","type-product","status-publish","has-post-thumbnail","hentry","product_cat-mortars","product_cat-repairing-mortars"],"aioseo_notices":[],"_links":{"self":[{"href":"https:\/\/deutschcolor.com\/de\/wp-json\/wp\/v2\/product\/24632","targetHints":{"allow":["GET"]}}],"collection":[{"href":"https:\/\/deutschcolor.com\/de\/wp-json\/wp\/v2\/product"}],"about":[{"href":"https:\/\/deutschcolor.com\/de\/wp-json\/wp\/v2\/types\/product"}],"wp:featuredmedia":[{"embeddable":true,"href":"https:\/\/deutschcolor.com\/de\/wp-json\/wp\/v2\/media\/24628"}],"wp:attachment":[{"href":"https:\/\/deutschcolor.com\/de\/wp-json\/wp\/v2\/media?parent=24632"}],"curies":[{"name":"wp","href":"https:\/\/api.w.org\/{rel}","templated":true}]}}