{"id":24633,"date":"2019-08-27T12:11:55","date_gmt":"2019-08-27T12:11:55","guid":{"rendered":"https:\/\/deutschcolor.com\/de\/?post_type=product&#038;p=24633"},"modified":"2020-01-05T20:36:55","modified_gmt":"2020-01-05T20:36:55","slug":"epodur-m1","status":"publish","type":"product","link":"https:\/\/deutschcolor.com\/de\/product\/epodur-m1\/","title":{"rendered":"EPODUR M1"},"content":{"rendered":"<p><strong>EIGENSCHAFTEN<\/strong><br \/>\n-Kein L\u00f6sungsmittel<br \/>\n-Feiner Saft<br \/>\n&#8211; Kein Schrumpfen<br \/>\n-Die Flie\u00dff\u00e4higkeit erm\u00f6glicht die Einstellung von kleinen Rissen<br \/>\n&#8211; Hat eine hohe Haftung auf Beton und Stahl<br \/>\n&#8211; Hat eine hohe Best\u00e4ndigkeit gegen Druck, Biegung und S\u00e4uren<br \/>\n&#8211; Unempfindlich gegen Laugen, Frost und Feuchtigkeit.<\/p>\n<p>###<\/p>\n<p><strong>HALTBARKEIT  UND LAGERUNG<\/strong><br \/>\n24 Monate bei Lagerung an gut verschlossenen, trockenen Orten und bei Temperaturen \u00fcber +10 \u00b0 C.<\/p>\n<p><strong>VERBRAUCH<\/strong><br \/>\nRissversiegelung: 1,1 kg \/ l Leervolumen.<\/p>\n<p><strong>VERPACKUNG<\/strong><br \/>\n1 kg \/ 4 kg Dosen.<\/p>\n","protected":false},"excerpt":{"rendered":"<p>Komponenten-Epoxidharz f\u00fcr Injektionszwecke, l\u00f6sungsmittelfrei, d\u00fcnnfl\u00fcssig, ohne Schrumpfung.<\/p>\n","protected":false},"featured_media":24634,"template":"","meta":{"om_disable_all_campaigns":false,"_monsterinsights_skip_tracking":false,"_monsterinsights_sitenote_active":false,"_monsterinsights_sitenote_note":"","_monsterinsights_sitenote_category":0},"class_list":["post-24633","product","type-product","status-publish","has-post-thumbnail","hentry","product_cat-mortars","product_cat-injection-and-anchoring-products"],"aioseo_notices":[],"_links":{"self":[{"href":"https:\/\/deutschcolor.com\/de\/wp-json\/wp\/v2\/product\/24633","targetHints":{"allow":["GET"]}}],"collection":[{"href":"https:\/\/deutschcolor.com\/de\/wp-json\/wp\/v2\/product"}],"about":[{"href":"https:\/\/deutschcolor.com\/de\/wp-json\/wp\/v2\/types\/product"}],"wp:featuredmedia":[{"embeddable":true,"href":"https:\/\/deutschcolor.com\/de\/wp-json\/wp\/v2\/media\/24634"}],"wp:attachment":[{"href":"https:\/\/deutschcolor.com\/de\/wp-json\/wp\/v2\/media?parent=24633"}],"curies":[{"name":"wp","href":"https:\/\/api.w.org\/{rel}","templated":true}]}}