{"id":24642,"date":"2019-08-27T12:16:39","date_gmt":"2019-08-27T12:16:39","guid":{"rendered":"https:\/\/deutschcolor.com\/de\/?post_type=product&#038;p=24642"},"modified":"2020-01-05T20:39:42","modified_gmt":"2020-01-05T20:39:42","slug":"epo-anchor","status":"publish","type":"product","link":"https:\/\/deutschcolor.com\/de\/product\/epo-anchor\/","title":{"rendered":"EPO ANCHOR"},"content":{"rendered":"<p><strong>BESCHREIBUNG<\/strong><br \/>\n&#8211; 2-Komponenten-Kleber<br \/>\n&#8211; Enth\u00e4lt kein L\u00f6sungsmittel<br \/>\n&#8211; Hohe Best\u00e4ndigkeit gegen Druck, Biegung und Haftfestigkeit<br \/>\n&#8211; Best\u00e4ndig gegen einige S\u00e4uren, Laugen, Betonscheuermittel, Reinigungsmittel, Meerwasser und Salzwasser<br \/>\n&#8211; Hervorragende Verarbeitbarkeit<br \/>\n<strong>ANWENDUNGSBEREICHE<\/strong><br \/>\nEPO ANCHOR wird in Umgebungen angewendet, in denen eine hohe Festigkeit gegen\u00fcber mechanischen Belastungen und Best\u00e4ndigkeit gegen\u00fcber chemischen Mitteln erforderlich ist. Das Produkt wird zum Verkleben von Baustoffen in Industrieumgebungen verwendet. EPO ANCHOR dient zur Verklebung von TPE-Membranen an Dehnungsfugen, die negativen und positiven Dr\u00fccken standhalten.<\/p>\n<p>###<\/p>\n<p><strong>VERBRAUCH<\/strong><br \/>\nAls Fliesenkleber: \u00dcber. 0,8 &#8211; 1 kg \/ m\u00b2<\/p>\n<p><strong>VERPACKUNG<\/strong><br \/>\nPlastikeimer 1Kg (A + B) und 5Kg (A + B)<\/p>\n<p><strong>HALTBARKEIT UND LAGERUNG<\/strong><br \/>\n24 Monate bei versiegelter Originalverpackung, vor Feuchtigkeit und direkter Sonneneinstrahlung gesch\u00fctzt. Die Lagertemperatur wird zwischen + 5 \u00b0 C und + 35 \u00b0 C empfohlen.<\/p>\n","protected":false},"excerpt":{"rendered":"<p>Universeller Klebstoff auf Epoxidbasis.<\/p>\n","protected":false},"featured_media":24644,"template":"","meta":{"om_disable_all_campaigns":false,"_monsterinsights_skip_tracking":false,"_monsterinsights_sitenote_active":false,"_monsterinsights_sitenote_note":"","_monsterinsights_sitenote_category":0},"class_list":["post-24642","product","type-product","status-publish","has-post-thumbnail","hentry","product_cat-mortars","product_cat-injection-and-anchoring-products"],"aioseo_notices":[],"_links":{"self":[{"href":"https:\/\/deutschcolor.com\/de\/wp-json\/wp\/v2\/product\/24642","targetHints":{"allow":["GET"]}}],"collection":[{"href":"https:\/\/deutschcolor.com\/de\/wp-json\/wp\/v2\/product"}],"about":[{"href":"https:\/\/deutschcolor.com\/de\/wp-json\/wp\/v2\/types\/product"}],"wp:featuredmedia":[{"embeddable":true,"href":"https:\/\/deutschcolor.com\/de\/wp-json\/wp\/v2\/media\/24644"}],"wp:attachment":[{"href":"https:\/\/deutschcolor.com\/de\/wp-json\/wp\/v2\/media?parent=24642"}],"curies":[{"name":"wp","href":"https:\/\/api.w.org\/{rel}","templated":true}]}}