{"id":24649,"date":"2019-08-27T12:23:30","date_gmt":"2019-08-27T12:23:30","guid":{"rendered":"https:\/\/deutschcolor.com\/de\/?post_type=product&#038;p=24649"},"modified":"2020-01-05T20:43:33","modified_gmt":"2020-01-05T20:43:33","slug":"dcs-2k-level","status":"publish","type":"product","link":"https:\/\/deutschcolor.com\/de\/product\/dcs-2k-level\/","title":{"rendered":"DCS 2K LEVEL"},"content":{"rendered":"<p><strong>EIGENSCHAFTEN<\/strong><br \/>\n&#8211; Kein L\u00f6sungsmittel<br \/>\n&#8211; Bietet eine sehr gute Haftung auf der Oberfl\u00e4che und eine hohe physikalisch-mechanische Best\u00e4ndigkeit<br \/>\n&#8211; Best\u00e4ndig gegen S\u00e4uren, Laugen, Reinigungsmittel, Meerwasser und Temperaturschwankungen<br \/>\n&#8211; Es ist als strukturelles Bindemittel f\u00fcr M\u00f6rtel und Beton gem\u00e4\u00df EN 1504 &#8211; 4 eingestuft.<br \/>\n<strong>NUTZUNGSART<\/strong><br \/>\n1. Oberfl\u00e4che<br \/>\nDie Oberfl\u00e4che der Anwendung sollte sauber und frei von R\u00fcckst\u00e4nden, \u00d6len oder anderen Elementen sein, die die Haftung verhindern.<\/p>\n<p>###<\/p>\n<p><strong>VERBRAUCH<\/strong><br \/>\nCa. 1,85 kg \/ m2 \/ mm Schichtdicke.<\/p>\n<p><strong>VERPACKUNG<\/strong><br \/>\nPlastikeimer 15 kg (Komp. A) und 5 kg (Kompakt B)<\/p>\n<p><strong>HALTBARKEIT UND LAGERUNG<\/strong><br \/>\n12 Monate bei Lagerung in unge\u00f6ffneter Originalverpackung, vor Feuchtigkeit und direkter Sonneneinstrahlung gesch\u00fctzt. Die Lagertemperatur sollte zwischen + 5 \u00b0 C und + 35 \u00b0 C liegen.<\/p>\n","protected":false},"excerpt":{"rendered":"<p>Komponenten-Spachtelmasse auf Epoxidbasis<\/p>\n","protected":false},"featured_media":24651,"template":"","meta":{"om_disable_all_campaigns":false,"_monsterinsights_skip_tracking":false,"_monsterinsights_sitenote_active":false,"_monsterinsights_sitenote_note":"","_monsterinsights_sitenote_category":0},"class_list":["post-24649","product","type-product","status-publish","has-post-thumbnail","hentry","product_cat-mortars","product_cat-structural-reinforce-products-for-concrete"],"aioseo_notices":[],"_links":{"self":[{"href":"https:\/\/deutschcolor.com\/de\/wp-json\/wp\/v2\/product\/24649","targetHints":{"allow":["GET"]}}],"collection":[{"href":"https:\/\/deutschcolor.com\/de\/wp-json\/wp\/v2\/product"}],"about":[{"href":"https:\/\/deutschcolor.com\/de\/wp-json\/wp\/v2\/types\/product"}],"wp:featuredmedia":[{"embeddable":true,"href":"https:\/\/deutschcolor.com\/de\/wp-json\/wp\/v2\/media\/24651"}],"wp:attachment":[{"href":"https:\/\/deutschcolor.com\/de\/wp-json\/wp\/v2\/media?parent=24649"}],"curies":[{"name":"wp","href":"https:\/\/api.w.org\/{rel}","templated":true}]}}