{"id":24652,"date":"2019-08-27T12:26:06","date_gmt":"2019-08-27T12:26:06","guid":{"rendered":"https:\/\/deutschcolor.com\/de\/?post_type=product&#038;p=24652"},"modified":"2020-01-05T20:44:59","modified_gmt":"2020-01-05T20:44:59","slug":"dcs-2k-primer","status":"publish","type":"product","link":"https:\/\/deutschcolor.com\/de\/product\/dcs-2k-primer\/","title":{"rendered":"DCS 2K PRIMER"},"content":{"rendered":"<p><strong>BESCHREIBUNG<\/strong><br \/>\nDCS 2K PRIMER ist ein Zweikomponenten-Produkt auf Wasserbasis auf Epoxidbasis. Das Produkt bietet eine hohe physikalisch-mechanische Best\u00e4ndigkeit wie: Korrosionsbest\u00e4ndigkeit, Wasserbest\u00e4ndigkeit, S\u00e4uren, Laugen, Erd\u00f6lprodukte usw.<\/p>\n<p><strong>EMPFEHLUNGEN F\u00dcR DEN GEBRAUCH<\/strong><br \/>\nDCS 2K PRIMER wird als Grundierung verwendet, bevor eines der Produkte der DCS Wrap-Linie zur Verst\u00e4rkung von Betonkonstruktionen verwendet wird.<\/p>\n<p>###<\/p>\n<p><strong>VERBRAUCH<\/strong><br \/>\n300 gr \/ m2 pro Schicht.<\/p>\n<p><strong>VERPACKUNG<\/strong><br \/>\nPlastikeimer 3Kg (Komp. A) und 1Kg (Kompost B)<\/p>\n<p><strong>HALTBARKEIT UND LAGERUNG<\/strong><br \/>\n12 Monate bei Lagerung in unge\u00f6ffneter Originalverpackung, vor Feuchtigkeit und direkter Sonneneinstrahlung gesch\u00fctzt. Die Lagertemperatur sollte zwischen + 5 \u00b0 C und + 35 \u00b0 C liegen.<\/p>\n","protected":false},"excerpt":{"rendered":"<p>Zweikomponenten-Primer auf Wasserbasis<\/p>\n","protected":false},"featured_media":24654,"template":"","meta":{"om_disable_all_campaigns":false,"_monsterinsights_skip_tracking":false,"_monsterinsights_sitenote_active":false,"_monsterinsights_sitenote_note":"","_monsterinsights_sitenote_category":0},"class_list":["post-24652","product","type-product","status-publish","has-post-thumbnail","hentry","product_cat-mortars","product_cat-structural-reinforce-products-for-concrete"],"aioseo_notices":[],"_links":{"self":[{"href":"https:\/\/deutschcolor.com\/de\/wp-json\/wp\/v2\/product\/24652","targetHints":{"allow":["GET"]}}],"collection":[{"href":"https:\/\/deutschcolor.com\/de\/wp-json\/wp\/v2\/product"}],"about":[{"href":"https:\/\/deutschcolor.com\/de\/wp-json\/wp\/v2\/types\/product"}],"wp:featuredmedia":[{"embeddable":true,"href":"https:\/\/deutschcolor.com\/de\/wp-json\/wp\/v2\/media\/24654"}],"wp:attachment":[{"href":"https:\/\/deutschcolor.com\/de\/wp-json\/wp\/v2\/media?parent=24652"}],"curies":[{"name":"wp","href":"https:\/\/api.w.org\/{rel}","templated":true}]}}