{"id":24663,"date":"2019-08-27T12:31:20","date_gmt":"2019-08-27T12:31:20","guid":{"rendered":"https:\/\/deutschcolor.com\/de\/?post_type=product&#038;p=24663"},"modified":"2020-01-05T20:47:47","modified_gmt":"2020-01-05T20:47:47","slug":"dcs-2k-400","status":"publish","type":"product","link":"https:\/\/deutschcolor.com\/de\/product\/dcs-2k-400\/","title":{"rendered":"DCS 2K 400"},"content":{"rendered":"<p><strong>EIGENSCHAFTEN<\/strong><br \/>\nDCS 2K 400 ist ein Zweikomponenten-Epoxidklebstoff.<br \/>\n&#8211; Nach dem Aush\u00e4rten bietet es eine hohe Haftung auf dem Tr\u00e4ger, eine hohe H\u00e4rte und einen erh\u00f6hten Widerstand gegen Druck und Biegung.<br \/>\n&#8211; Das Produkt ist gem\u00e4\u00df EN 1504 &#8211; 4 als struktureller Haftvermittler f\u00fcr die Au\u00dfenbetonbewehrung eingestuft.<\/p>\n<p><strong>EMPFEHLUNGEN F\u00dcR DEN GEBRAUCH<\/strong><br \/>\nDas DCS 2K 400 wird zum Verkleben von Kohlenstoffplatten zur strukturellen Verst\u00e4rkung von Strukturelementen von Systemen im Bauwesen (F.R.P.) verwendet.<\/p>\n<p>###<\/p>\n<p><strong>VERBRAUCH<\/strong><br \/>\n1,5 &#8211; 2,0 kg \/ m2 pro 1 mm Dicke<\/p>\n<p><strong>VERPACKUNG<\/strong><br \/>\nPlastikeimer 15 kg (Komp. A) und 5 kg (Kompost B)<\/p>\n<p><strong>HALTBARKEIT  UND LAGERUNG<\/strong><br \/>\n12 Monate, wenn das Produkt unge\u00f6ffnet und vor direkter Sonneneinstrahlung und Frost gesch\u00fctzt gelagert wird.<\/p>\n","protected":false},"excerpt":{"rendered":"<p>Zweikomponentenklebstoff auf Epoxidbasis f\u00fcr Karbonfaserfliesen.<\/p>\n","protected":false},"featured_media":24657,"template":"","meta":{"om_disable_all_campaigns":false,"_monsterinsights_skip_tracking":false,"_monsterinsights_sitenote_active":false,"_monsterinsights_sitenote_note":"","_monsterinsights_sitenote_category":0},"class_list":["post-24663","product","type-product","status-publish","has-post-thumbnail","hentry","product_cat-mortars","product_cat-structural-reinforce-products-for-concrete"],"aioseo_notices":[],"_links":{"self":[{"href":"https:\/\/deutschcolor.com\/de\/wp-json\/wp\/v2\/product\/24663","targetHints":{"allow":["GET"]}}],"collection":[{"href":"https:\/\/deutschcolor.com\/de\/wp-json\/wp\/v2\/product"}],"about":[{"href":"https:\/\/deutschcolor.com\/de\/wp-json\/wp\/v2\/types\/product"}],"wp:featuredmedia":[{"embeddable":true,"href":"https:\/\/deutschcolor.com\/de\/wp-json\/wp\/v2\/media\/24657"}],"wp:attachment":[{"href":"https:\/\/deutschcolor.com\/de\/wp-json\/wp\/v2\/media?parent=24663"}],"curies":[{"name":"wp","href":"https:\/\/api.w.org\/{rel}","templated":true}]}}