{"id":24668,"date":"2019-08-27T12:36:08","date_gmt":"2019-08-27T12:36:08","guid":{"rendered":"https:\/\/deutschcolor.com\/de\/?post_type=product&#038;p=24668"},"modified":"2020-01-05T20:51:30","modified_gmt":"2020-01-05T20:51:30","slug":"weibzement","status":"publish","type":"product","link":"https:\/\/deutschcolor.com\/de\/product\/weibzement\/","title":{"rendered":"WEI\u00dfZEMENT"},"content":{"rendered":"<p><strong>EIGENSCHAFTEN<\/strong><br \/>\nWei\u00dfzement mit hoher physikalischer und mechanischer Festigkeit, der zur Herstellung von Beton, M\u00f6rtel, Deckfarben mit oder ohne Pigment verwendet wird. Reagiert aufgrund seiner Porosit\u00e4t und ausgew\u00e4hlten Granulometrie von weniger als 90 Mikron gut mit Wasser.<\/p>\n<p>###<br \/>\n<strong>EMPFEHLUNGEN F\u00dcR DEN GEBRAUCH<\/strong><br \/>\nMit WEI\u00dfZEMENT k\u00f6nnen alle Betonsorten hergestellt werden, bei denen Wei\u00df oder eine andere Farbe erforderlich ist. Das Produkt kann auch f\u00fcr die traditionelle M\u00f6rtelherstellung sowie f\u00fcr die Endbearbeitung verwendet werden. F\u00fcr die Herstellung von Qualit\u00e4tsm\u00f6rtel wird empfohlen, 20 kg WEI\u00dfZEMENT mit 150 kg gewaschenem Sand ohne Ton 0-1,4 +35 Liter Wasser zu mischen.<\/p>\n<p><strong>VERPACKUNG<\/strong><br \/>\nPapiert\u00fcten 25Kg<\/p>\n","protected":false},"excerpt":{"rendered":"<p>Wei\u00dfzement mit hoher physikalischer und mechanischer Festigkeit<\/p>\n","protected":false},"featured_media":24669,"template":"","meta":{"om_disable_all_campaigns":false,"_monsterinsights_skip_tracking":false,"_monsterinsights_sitenote_active":false,"_monsterinsights_sitenote_note":"","_monsterinsights_sitenote_category":0},"class_list":["post-24668","product","type-product","status-publish","has-post-thumbnail","hentry","product_cat-mortars","product_cat-cement"],"aioseo_notices":[],"_links":{"self":[{"href":"https:\/\/deutschcolor.com\/de\/wp-json\/wp\/v2\/product\/24668","targetHints":{"allow":["GET"]}}],"collection":[{"href":"https:\/\/deutschcolor.com\/de\/wp-json\/wp\/v2\/product"}],"about":[{"href":"https:\/\/deutschcolor.com\/de\/wp-json\/wp\/v2\/types\/product"}],"wp:featuredmedia":[{"embeddable":true,"href":"https:\/\/deutschcolor.com\/de\/wp-json\/wp\/v2\/media\/24669"}],"wp:attachment":[{"href":"https:\/\/deutschcolor.com\/de\/wp-json\/wp\/v2\/media?parent=24668"}],"curies":[{"name":"wp","href":"https:\/\/api.w.org\/{rel}","templated":true}]}}