{"id":24672,"date":"2019-08-27T12:40:32","date_gmt":"2019-08-27T12:40:32","guid":{"rendered":"https:\/\/deutschcolor.com\/de\/?post_type=product&#038;p=24672"},"modified":"2020-01-05T20:53:34","modified_gmt":"2020-01-05T20:53:34","slug":"latex","status":"publish","type":"product","link":"https:\/\/deutschcolor.com\/de\/product\/latex\/","title":{"rendered":"LATEX"},"content":{"rendered":"<p><strong>BESCHREIBUNG<\/strong><br \/>\nLatex ist ein synthetisches Polymer zur Verbesserung von Zementm\u00f6rteln und Betonschichten.<\/p>\n<p><strong>EIGENSCHAFTEN<\/strong><br \/>\n\u2022 Wird als Verbindungsschicht zwischen altem und neuem Beton oder M\u00f6rtel verwendet.<br \/>\n\u2022 Zur Verbesserung von M\u00f6rtel und Oberfl\u00e4chen auf Zement- und Kalkbasis.<br \/>\n\u2022 Erh\u00f6ht die Putzhaftung und Wasserfestigkeit.<br \/>\n\u2022 Wird f\u00fcr zementgebundene Impr\u00e4gnierm\u00f6rtel verwendet, die dem hydrostatischen Druck standhalten.<br \/>\n\u2022 Zur Verbesserung der Best\u00e4ndigkeit von Grundm\u00f6rteln.<br \/>\n\u2022 Verbessert die Haftf\u00e4higkeit von Husten und Harzen erheblich.<br \/>\n\u2022 Sch\u00fctzt Betonoberfl\u00e4chen vor Austrocknung.<br \/>\n\u2022 Der Einsatz von LATEX erh\u00f6ht die Haftung, mechanische Best\u00e4ndigkeit, Elastizit\u00e4t und Wasserfestigkeit von Bauprodukten auf Zementbasis erheblich.<br \/>\nOBERFL\u00c4CHENVORBEREITUNG<br \/>\nDie Tr\u00e4ger, auf die das Produkt aufgetragen wird, m\u00fcssen frei von Pulvern, Fetten, \u00d6len, Fettr\u00fcckst\u00e4nden sein.<br \/>\nFarben etc.<\/p>\n<p>###<\/p>\n<p><strong>HALTBARKEIT UND LAGERUNG<\/strong><br \/>\n18 Monate bei Lagerung in unge\u00f6ffneter Originalverpackung bei Temperaturen zwischen + 5 \u00b0 C und + 35 \u00b0 C. Vor direkter Sonneneinstrahlung und Frost sch\u00fctzen.<\/p>\n<p><strong>VERBRAUCH<\/strong><br \/>\n1 &#8211; 3 kg \/ 25 kg<\/p>\n<p><strong>VERPACKUNG<\/strong><br \/>\nPlastikflasche 1Kg \/ 5Kg \/ 10Kg.<\/p>\n","protected":false},"excerpt":{"rendered":"<p>LATEX ist ein Zusatz zur Verbesserung von Zementm\u00f6rteln<\/p>\n","protected":false},"featured_media":24673,"template":"","meta":{"om_disable_all_campaigns":false,"_monsterinsights_skip_tracking":false,"_monsterinsights_sitenote_active":false,"_monsterinsights_sitenote_note":"","_monsterinsights_sitenote_category":0},"class_list":["post-24672","product","type-product","status-publish","has-post-thumbnail","hentry","product_cat-additives","product_cat-additives-for-mortars"],"aioseo_notices":[],"_links":{"self":[{"href":"https:\/\/deutschcolor.com\/de\/wp-json\/wp\/v2\/product\/24672","targetHints":{"allow":["GET"]}}],"collection":[{"href":"https:\/\/deutschcolor.com\/de\/wp-json\/wp\/v2\/product"}],"about":[{"href":"https:\/\/deutschcolor.com\/de\/wp-json\/wp\/v2\/types\/product"}],"wp:featuredmedia":[{"embeddable":true,"href":"https:\/\/deutschcolor.com\/de\/wp-json\/wp\/v2\/media\/24673"}],"wp:attachment":[{"href":"https:\/\/deutschcolor.com\/de\/wp-json\/wp\/v2\/media?parent=24672"}],"curies":[{"name":"wp","href":"https:\/\/api.w.org\/{rel}","templated":true}]}}