{"id":24674,"date":"2019-08-27T12:43:44","date_gmt":"2019-08-27T12:43:44","guid":{"rendered":"https:\/\/deutschcolor.com\/de\/?post_type=product&#038;p=24674"},"modified":"2020-01-05T20:54:38","modified_gmt":"2020-01-05T20:54:38","slug":"plastolit","status":"publish","type":"product","link":"https:\/\/deutschcolor.com\/de\/product\/plastolit\/","title":{"rendered":"PLASTOLIT"},"content":{"rendered":"<p><strong>EIGENSCHAFTEN<\/strong><br \/>\nPlastolite ist ein fl\u00fcssiges Produkt, das M\u00f6rtelplastizit\u00e4t auf Zementbasis, Haftfestigkeit und alle Vorteile von Kalk bietet. Es ist das ideale Additiv f\u00fcr die Herstellung von M\u00f6rtel f\u00fcr Bauzwecke, Putz, Schlacke usw. Es wird dem Wasser zugesetzt, das in den M\u00f6rtel gegossen wird, und aufgrund der Plastizit\u00e4t ist die erforderliche Wassermenge geringer.<\/p>\n<p><strong>PRODUKTVORBEREITUNG<\/strong><br \/>\nReduzieren Sie die Wassermenge f\u00fcr den M\u00f6rtel, indem Sie den Kalk durch PLASTOLIT ersetzen.<br \/>\n\u2022 M\u00f6rtel f\u00fcr W\u00e4nde und schlechte Schichten:<br \/>\n   50 g Plastol pro 25 kg Zement (0,2%)<br \/>\n\u2022 F\u00fcr die Herstellung von 1m3 M\u00f6rtel wird ben\u00f6tigt:<br \/>\n   Zement: 225 kg<br \/>\n   Sand: 0,90 m3<br \/>\n   PLASTOLIT: 450 g<br \/>\n\u2022 Zur Herstellung von Putzm\u00f6rtel:<br \/>\n   75 g PLASTOLIT pro 25 kg Zement (0,3%).<\/p>\n<p>###<\/p>\n<p><strong>HALTBARKEIT UND LAGERUNG<\/strong><br \/>\n18 Monate bei Lagerung in unge\u00f6ffneter Originalverpackung bei Temperaturen zwischen + 5 \u00b0 C und + 35 \u00b0 C. Vor direkter Sonneneinstrahlung und Frost sch\u00fctzen.<\/p>\n<p><strong>VERBRAUCH<\/strong><br \/>\n300 &#8211; 500 g \/ 100 kg<\/p>\n<p><strong>VERPACKUNG<\/strong><br \/>\nPlastikflasche 1Kg \/ 5Kg \/ 10Kg.<\/p>\n","protected":false},"excerpt":{"rendered":"<p>C M\u00d6RTEL \u2013 ERSATZ F\u00dcR KALK.<\/p>\n","protected":false},"featured_media":24675,"template":"","meta":{"om_disable_all_campaigns":false,"_monsterinsights_skip_tracking":false,"_monsterinsights_sitenote_active":false,"_monsterinsights_sitenote_note":"","_monsterinsights_sitenote_category":0},"class_list":["post-24674","product","type-product","status-publish","has-post-thumbnail","hentry","product_cat-additives","product_cat-additives-for-mortars"],"aioseo_notices":[],"_links":{"self":[{"href":"https:\/\/deutschcolor.com\/de\/wp-json\/wp\/v2\/product\/24674","targetHints":{"allow":["GET"]}}],"collection":[{"href":"https:\/\/deutschcolor.com\/de\/wp-json\/wp\/v2\/product"}],"about":[{"href":"https:\/\/deutschcolor.com\/de\/wp-json\/wp\/v2\/types\/product"}],"wp:featuredmedia":[{"embeddable":true,"href":"https:\/\/deutschcolor.com\/de\/wp-json\/wp\/v2\/media\/24675"}],"wp:attachment":[{"href":"https:\/\/deutschcolor.com\/de\/wp-json\/wp\/v2\/media?parent=24674"}],"curies":[{"name":"wp","href":"https:\/\/api.w.org\/{rel}","templated":true}]}}