{"id":24676,"date":"2019-08-27T13:51:06","date_gmt":"2019-08-27T13:51:06","guid":{"rendered":"https:\/\/deutschcolor.com\/de\/?post_type=product&#038;p=24676"},"modified":"2020-01-05T20:55:36","modified_gmt":"2020-01-05T20:55:36","slug":"admix-cem","status":"publish","type":"product","link":"https:\/\/deutschcolor.com\/de\/product\/admix-cem\/","title":{"rendered":"ADMIX CEM"},"content":{"rendered":"<p><strong>EIGENSCHAFTEN<\/strong><br \/>\n\u2022 Reagiert w\u00e4hrend des Hydratationsprozesses mit Zement.<br \/>\n\u2022 Erm\u00f6glicht das Wachstum von mineralischen Substanzen, die die Kapillaren von Beton und M\u00f6rtel blockieren, wodurch eine hohe Wasserbest\u00e4ndigkeit gegen\u00fcber M\u00f6rtel oder Beton sichergestellt wird.<br \/>\n\u2022 Erfordert keine Erh\u00f6hung der Wassermenge w\u00e4hrend des Mischens.<br \/>\n\u2022 Es enth\u00e4lt keine Chloride<\/p>\n<p>###<br \/>\n<strong>HALTBARKEIT UND LAGERUNG<\/strong><br \/>\n24 Monate bei Lagerung in unge\u00f6ffneter Originalverpackung und vor direkter Sonneneinstrahlung und Frost gesch\u00fctzt.<\/p>\n<p><strong>VERBRAUCH<\/strong><br \/>\n1 &#8211; 3 kg \/ 25 kg<br \/>\n<strong>VERPACKUNG<\/strong><br \/>\nPlastikflasche 1Kg \/ 5Kg \/ 10Kg.<\/p>\n","protected":false},"excerpt":{"rendered":"<p>Impr\u00e4gnierpulver f\u00fcr M\u00f6rtel und Beton, ohne Chloridgehalt<\/p>\n","protected":false},"featured_media":24677,"template":"","meta":{"om_disable_all_campaigns":false,"_monsterinsights_skip_tracking":false,"_monsterinsights_sitenote_active":false,"_monsterinsights_sitenote_note":"","_monsterinsights_sitenote_category":0},"class_list":["post-24676","product","type-product","status-publish","has-post-thumbnail","hentry","product_cat-additives","product_cat-additives-for-concrete"],"aioseo_notices":[],"_links":{"self":[{"href":"https:\/\/deutschcolor.com\/de\/wp-json\/wp\/v2\/product\/24676","targetHints":{"allow":["GET"]}}],"collection":[{"href":"https:\/\/deutschcolor.com\/de\/wp-json\/wp\/v2\/product"}],"about":[{"href":"https:\/\/deutschcolor.com\/de\/wp-json\/wp\/v2\/types\/product"}],"wp:featuredmedia":[{"embeddable":true,"href":"https:\/\/deutschcolor.com\/de\/wp-json\/wp\/v2\/media\/24677"}],"wp:attachment":[{"href":"https:\/\/deutschcolor.com\/de\/wp-json\/wp\/v2\/media?parent=24676"}],"curies":[{"name":"wp","href":"https:\/\/api.w.org\/{rel}","templated":true}]}}