{"id":24680,"date":"2019-08-27T13:55:47","date_gmt":"2019-08-27T13:55:47","guid":{"rendered":"https:\/\/deutschcolor.com\/de\/?post_type=product&#038;p=24680"},"modified":"2020-01-05T20:57:10","modified_gmt":"2020-01-05T20:57:10","slug":"fluidcret-ac","status":"publish","type":"product","link":"https:\/\/deutschcolor.com\/de\/product\/fluidcret-ac\/","title":{"rendered":"FLUIDCRET AC"},"content":{"rendered":"<p><strong>BESCHREIBUNG<\/strong><br \/>\nFl\u00fcssiger Zusatz, der die Trocknungszeit beschleunigt und das Aush\u00e4rten bei niedrigen Temperaturen erm\u00f6glicht. Es enth\u00e4lt kein freies Chlor und andere irritierende Mittel. Hat keinen Einfluss auf die Betonbest\u00e4ndigkeit nach EN 934 &#8211; 2: T6.<\/p>\n<p><strong>EMPFEHLUNGEN F\u00dcR DEN GEBRAUCH<\/strong><br \/>\n\u2022 Zur Bewehrung von Beton bei niedrigen Temperaturen.<br \/>\n\u2022 Wird in Bereichen verwendet, in denen eine schnelle Trocknung (Verankerung, Reparatur usw.) erforderlich ist.<\/p>\n<p>###<\/p>\n<p><strong>HALTBARKEIT UND LAGERUNG<\/strong><br \/>\n18 Monate bei Lagerung in Originalverpackung bei Temperaturen zwischen + 5 \u00b0 C und + 35 \u00b0 C. Vor direkter Sonneneinstrahlung und Frost sch\u00fctzen.<\/p>\n<p><strong>VERBRAUCH<\/strong><br \/>\n300 &#8211; 500 g \/ 100 kg<\/p>\n<p><strong>VERPACKUNG<\/strong><br \/>\nPlastikflasche 5 kg \/ 20 kg \/ 100 kg<\/p>\n","protected":false},"excerpt":{"rendered":"<p>Betontrocknungsbeschleuniger und Antifoulingmittel.<\/p>\n","protected":false},"featured_media":24682,"template":"","meta":{"om_disable_all_campaigns":false,"_monsterinsights_skip_tracking":false,"_monsterinsights_sitenote_active":false,"_monsterinsights_sitenote_note":"","_monsterinsights_sitenote_category":0},"class_list":["post-24680","product","type-product","status-publish","has-post-thumbnail","hentry","product_cat-additives","product_cat-additives-for-concrete"],"aioseo_notices":[],"_links":{"self":[{"href":"https:\/\/deutschcolor.com\/de\/wp-json\/wp\/v2\/product\/24680","targetHints":{"allow":["GET"]}}],"collection":[{"href":"https:\/\/deutschcolor.com\/de\/wp-json\/wp\/v2\/product"}],"about":[{"href":"https:\/\/deutschcolor.com\/de\/wp-json\/wp\/v2\/types\/product"}],"wp:featuredmedia":[{"embeddable":true,"href":"https:\/\/deutschcolor.com\/de\/wp-json\/wp\/v2\/media\/24682"}],"wp:attachment":[{"href":"https:\/\/deutschcolor.com\/de\/wp-json\/wp\/v2\/media?parent=24680"}],"curies":[{"name":"wp","href":"https:\/\/api.w.org\/{rel}","templated":true}]}}