{"id":24683,"date":"2019-08-27T13:56:57","date_gmt":"2019-08-27T13:56:57","guid":{"rendered":"https:\/\/deutschcolor.com\/de\/?post_type=product&#038;p=24683"},"modified":"2020-01-05T20:58:15","modified_gmt":"2020-01-05T20:58:15","slug":"fluidcret-g","status":"publish","type":"product","link":"https:\/\/deutschcolor.com\/de\/product\/fluidcret-g\/","title":{"rendered":"FLUIDCRET G"},"content":{"rendered":"<p>Plastifizierer Typ A &#8211; Impr\u00e4gnieradditiv bei der Betonherstellung. FLUIDCRET 05 ist ein fl\u00fcssiges Additiv, das als Weichmacher in Beton und Impr\u00e4gniermittel wirkt und folgende Vorteile bietet:<br \/>\n\u2022 Erh\u00f6ht die Wasserdurchl\u00e4ssigkeit gegen\u00fcber \u00dcber- und Unterdruck oder Kapillarabsorption erheblich.<br \/>\n\u2022 Verbessert die Verarbeitbarkeit, ohne dass die Wassermenge erh\u00f6ht werden muss.<br \/>\n\u2022 Beseitigt Luft in der Betonmasse.<br \/>\n\u2022 Enth\u00e4lt keine Chloride und andere \u00e4tzende Stoffe.<br \/>\n\u2022 Es ist mit allen Portlandzementarten kompatibel.<\/p>\n<p>###<\/p>\n<p><strong>Dosierung<\/strong><br \/>\n0,2 &#8211; 0,5 kg \/ 100 kg Zement.<\/p>\n<p><strong>HALTBARKEIT  UND LAGERUNG<\/strong><br \/>\n18 Monate ab Herstellungsdatum bei Lagerung in Originalverpackung, offen bei Temperaturen zwischen +5 \u00b0 C und +35 \u00b0 C. Vor direkter Sonneneinstrahlung und Grica sch\u00fctzen.<\/p>\n<p><strong>VERPACKUNG<\/strong><br \/>\nPlastikflasche 5 kg \/ 20 kg \/ 100 kg.<\/p>\n","protected":false},"excerpt":{"rendered":"<p>Plastifizierer Typ A &#8211; Impr\u00e4gnieradditiv bei der Betonherstellung. FLUIDCRET 05 ist ein fl\u00fcssiges Additiv, das als Weichmacher in Beton und Impr\u00e4gniermittel wirkt und folgende Vorteile bietet<\/p>\n","protected":false},"featured_media":24681,"template":"","meta":{"om_disable_all_campaigns":false,"_monsterinsights_skip_tracking":false,"_monsterinsights_sitenote_active":false,"_monsterinsights_sitenote_note":"","_monsterinsights_sitenote_category":0},"class_list":["post-24683","product","type-product","status-publish","has-post-thumbnail","hentry","product_cat-additives","product_cat-additives-for-concrete"],"aioseo_notices":[],"_links":{"self":[{"href":"https:\/\/deutschcolor.com\/de\/wp-json\/wp\/v2\/product\/24683","targetHints":{"allow":["GET"]}}],"collection":[{"href":"https:\/\/deutschcolor.com\/de\/wp-json\/wp\/v2\/product"}],"about":[{"href":"https:\/\/deutschcolor.com\/de\/wp-json\/wp\/v2\/types\/product"}],"wp:featuredmedia":[{"embeddable":true,"href":"https:\/\/deutschcolor.com\/de\/wp-json\/wp\/v2\/media\/24681"}],"wp:attachment":[{"href":"https:\/\/deutschcolor.com\/de\/wp-json\/wp\/v2\/media?parent=24683"}],"curies":[{"name":"wp","href":"https:\/\/api.w.org\/{rel}","templated":true}]}}