{"id":24684,"date":"2019-08-27T13:58:39","date_gmt":"2019-08-27T13:58:39","guid":{"rendered":"https:\/\/deutschcolor.com\/de\/?post_type=product&#038;p=24684"},"modified":"2020-01-05T20:59:13","modified_gmt":"2020-01-05T20:59:13","slug":"recret-b","status":"publish","type":"product","link":"https:\/\/deutschcolor.com\/de\/product\/recret-b\/","title":{"rendered":"RECRET B"},"content":{"rendered":"<p><strong>EIGENSCHAFTEN<\/strong><br \/>\nRECRET B ist ein fl\u00fcssiger Zusatzstoff, der das Trocknen von Beton verz\u00f6gert und somit die Zeitdauer verl\u00e4ngert, in der der Beton plastisch ist. Gleichzeitig wird die f\u00fcr die Verarbeitbarkeit erforderliche Wassermenge verringert und die Verarbeitbarkeit verbessert, indem die Wassermenge in der Mischung konstant gehalten wird.<br \/>\n\u2022 Zus\u00e4tzlich zur Trocknungszeit erm\u00f6glicht es eine sehr gute Hydratation des Zements, was zu einer signifikanten Erh\u00f6hung der Anfangs- und Endfestigkeit des Betons f\u00fchrt.<br \/>\n\u2022 Verlangsamt die Betonverklumpung und verhindert den Zusammenbruch von Aggregaten<br \/>\n\u2022 Verhindert Risse durch Schrumpfen des Betons.<br \/>\n\u2022 Verringert die Wasseraufnahme im Beton aufgrund der verringerten Porosit\u00e4t. RECRET B ist eine unverzichtbare Erg\u00e4nzung zur hochwertigen Betonaufbereitung.<br \/>\n\u2022 Verbessert die Flie\u00dff\u00e4higkeit des Betons und verlangsamt das Trocknen.<br \/>\n\u2022 Erleichtert den Transport von Fertigbeton \u00fcber weite Strecken, insbesondere bei hohen Temperaturen.<br \/>\n\u2022 Die Entwicklung der Aush\u00e4rtung verursacht keine Verz\u00f6gerungen beim Entfernen von Holzformen.<br \/>\n\u2022 Gem\u00e4\u00df ELOT EN 934-2: 2001, Tabelle 10.<br \/>\n\u2022 Die Reduzierung der Wassermenge in der Mischung f\u00fcr die Betonherstellung mit bestimmten Eigenschaften, die durch die Zugabe von RECRET B erreicht wird, erm\u00f6glicht die Reduzierung der Zementmenge um denselben Prozentsatz. Durch Konstanthalten des Wasser \/ Zement-Verh\u00e4ltnisses beh\u00e4lt der erzeugte Beton die gew\u00fcnschte Qualit\u00e4t bei.<\/p>\n<p>###<\/p>\n<p><strong>DOSIERUNG<\/strong><br \/>\nZul\u00e4ssige Dosierung: 0,2 &#8211; 0,5 % Zementgewicht<\/p>\n<p><strong>HINWEIS<\/strong><br \/>\n\u2022 RECRET B ist f\u00fcr alle Portlandzementarten geeignet.<br \/>\n\u2022 Eine \u00dcberdosierung kann zu einer beschleunigten Trocknung f\u00fchren, beeintr\u00e4chtigt jedoch nicht die endg\u00fcltigen Betonfestigkeiten.<br \/>\n\u2022 Wenn das Material gefriert, kehren Sie zu +5 \u00b0 C zur\u00fcck und mischen Sie, bis es wieder homogenisiert ist.<\/p>\n<p><strong>HALTBARKEIT  UND LAGERUNG<\/strong><br \/>\n12 Monate bei Lagerung in unge\u00f6ffneter Originalverpackung bei Temperaturen zwischen + 5 \u00b0 C und + 30 \u00b0 C. Das Material sollte vor direkter Sonneneinstrahlung und Frost gesch\u00fctzt werden.<\/p>\n<p><strong>VERPACKUNG<\/strong><br \/>\nPlastikflasche 5 kg \/ 20 kg \/ 100 kg.<\/p>\n","protected":false},"excerpt":{"rendered":"<p>Verz\u00f6gerte Betontrocknung &#8211; Wasserreduzierer und Weichmacher<\/p>\n","protected":false},"featured_media":24685,"template":"","meta":{"om_disable_all_campaigns":false,"_monsterinsights_skip_tracking":false,"_monsterinsights_sitenote_active":false,"_monsterinsights_sitenote_note":"","_monsterinsights_sitenote_category":0},"class_list":["post-24684","product","type-product","status-publish","has-post-thumbnail","hentry","product_cat-additives","product_cat-additives-for-concrete"],"aioseo_notices":[],"_links":{"self":[{"href":"https:\/\/deutschcolor.com\/de\/wp-json\/wp\/v2\/product\/24684","targetHints":{"allow":["GET"]}}],"collection":[{"href":"https:\/\/deutschcolor.com\/de\/wp-json\/wp\/v2\/product"}],"about":[{"href":"https:\/\/deutschcolor.com\/de\/wp-json\/wp\/v2\/types\/product"}],"wp:featuredmedia":[{"embeddable":true,"href":"https:\/\/deutschcolor.com\/de\/wp-json\/wp\/v2\/media\/24685"}],"wp:attachment":[{"href":"https:\/\/deutschcolor.com\/de\/wp-json\/wp\/v2\/media?parent=24684"}],"curies":[{"name":"wp","href":"https:\/\/api.w.org\/{rel}","templated":true}]}}