{"id":24688,"date":"2019-08-27T14:02:41","date_gmt":"2019-08-27T14:02:41","guid":{"rendered":"https:\/\/deutschcolor.com\/de\/?post_type=product&#038;p=24688"},"modified":"2020-01-05T21:00:52","modified_gmt":"2020-01-05T21:00:52","slug":"poly-fiber","status":"publish","type":"product","link":"https:\/\/deutschcolor.com\/de\/product\/poly-fiber\/","title":{"rendered":"POLY FIBER"},"content":{"rendered":"<p><strong>EIGENSCHAFTEN<\/strong><br \/>\n-Verarbeitete synthetische Polypropylenfasern zur Verwendung in Beton und M\u00f6rtel<br \/>\n-Polypropylenfasern verringern die Bildung von Rissen und das Schrumpfen von Beton<br \/>\n-Erh\u00f6hen Sie die Flexibilit\u00e4t von Beton und M\u00f6rtel<br \/>\n-Verbessern Sie die Elastizit\u00e4t von M\u00f6rtel und Beton<br \/>\nCE-zertifiziert nach EN 14889-2.<\/p>\n<p>###<\/p>\n<p><strong>GEBRAUCHSANLEITUNG<\/strong><br \/>\nPoly Fibre wird w\u00e4hrend der Vorbereitung direkt in die Beton- oder M\u00f6rtelmischung gegeben.<\/p>\n<p><strong>VERBRAUCH<\/strong><br \/>\n600-900 g \/ m\u00b3 in Beton.<br \/>\n900-1200 g \/ m\u00b3 im M\u00f6rtel.<\/p>\n<p><strong>VERPACKUNG<\/strong><br \/>\nPlastikt\u00fcte 600gr \/ 900gr.<\/p>\n","protected":false},"excerpt":{"rendered":"<p>Polypropylenfasern mit einer L\u00e4nge von 6 und 12 mm zur Verst\u00e4rkung von Beton und M\u00f6rtel<\/p>\n","protected":false},"featured_media":24689,"template":"","meta":{"om_disable_all_campaigns":false,"_monsterinsights_skip_tracking":false,"_monsterinsights_sitenote_active":false,"_monsterinsights_sitenote_note":"","_monsterinsights_sitenote_category":0},"class_list":["post-24688","product","type-product","status-publish","has-post-thumbnail","hentry","product_cat-additives","product_cat-additives-for-concrete"],"aioseo_notices":[],"_links":{"self":[{"href":"https:\/\/deutschcolor.com\/de\/wp-json\/wp\/v2\/product\/24688","targetHints":{"allow":["GET"]}}],"collection":[{"href":"https:\/\/deutschcolor.com\/de\/wp-json\/wp\/v2\/product"}],"about":[{"href":"https:\/\/deutschcolor.com\/de\/wp-json\/wp\/v2\/types\/product"}],"wp:featuredmedia":[{"embeddable":true,"href":"https:\/\/deutschcolor.com\/de\/wp-json\/wp\/v2\/media\/24689"}],"wp:attachment":[{"href":"https:\/\/deutschcolor.com\/de\/wp-json\/wp\/v2\/media?parent=24688"}],"curies":[{"name":"wp","href":"https:\/\/api.w.org\/{rel}","templated":true}]}}