{"id":24690,"date":"2019-08-27T14:05:44","date_gmt":"2019-08-27T14:05:44","guid":{"rendered":"https:\/\/deutschcolor.com\/de\/?post_type=product&#038;p=24690"},"modified":"2020-01-05T21:01:46","modified_gmt":"2020-01-05T21:01:46","slug":"creative-putz-1-2-3","status":"publish","type":"product","link":"https:\/\/deutschcolor.com\/de\/product\/creative-putz-1-2-3\/","title":{"rendered":"CREATIVE PUTZ 1. 2. 3"},"content":{"rendered":"<p><strong>PRODUKTKLASSIFIZIERUNG<\/strong><br \/>\nCREATIVE PUTZ 1. 2. 3 ist nach der Norm EN 998-1 klassifiziert.<\/p>\n<p><strong>EIGENSCHAFTEN<\/strong><br \/>\n  &#8211; F\u00fcr den Innen- und Au\u00dfenbereich.<br \/>\n  &#8211; Hohe Witterungsbest\u00e4ndigkeit.<br \/>\n  &#8211; Gute Verarbeitbarkeit.<br \/>\n  &#8211; Bildet eine dauerhafte und dauerhafte Struktur.<\/p>\n<p>###<\/p>\n<p><strong>VERPACKUNG<\/strong><br \/>\nCREATIVE PUTZ 1. 2. 3 ist in S\u00e4cken zu 25 kg verpackt.<\/p>\n<p><strong>HALTBARKEIT UND LAGERUNG<\/strong><br \/>\n12 Monate bei Lagerung in unge\u00f6ffneter Originalverpackung und vor direkter Sonneneinstrahlung und Frost gesch\u00fctzt.<\/p>\n<p><strong>VERBRAUCH<\/strong><br \/>\n2,5 &#8211; 5 kg \/ m2 h\u00e4ngen von der Gr\u00f6\u00dfe des Steins ab.<\/p>\n","protected":false},"excerpt":{"rendered":"<p>Dekorative Beschichtung f\u00fcr die Behandlung von Fassaden und Innenfl\u00e4chen.<\/p>\n","protected":false},"featured_media":24693,"template":"","meta":{"om_disable_all_campaigns":false,"_monsterinsights_skip_tracking":false,"_monsterinsights_sitenote_active":false,"_monsterinsights_sitenote_note":"","_monsterinsights_sitenote_category":0},"class_list":["post-24690","product","type-product","status-publish","has-post-thumbnail","hentry","product_cat-coatings-decorative","product_cat-decorative-coatings"],"aioseo_notices":[],"_links":{"self":[{"href":"https:\/\/deutschcolor.com\/de\/wp-json\/wp\/v2\/product\/24690","targetHints":{"allow":["GET"]}}],"collection":[{"href":"https:\/\/deutschcolor.com\/de\/wp-json\/wp\/v2\/product"}],"about":[{"href":"https:\/\/deutschcolor.com\/de\/wp-json\/wp\/v2\/types\/product"}],"wp:featuredmedia":[{"embeddable":true,"href":"https:\/\/deutschcolor.com\/de\/wp-json\/wp\/v2\/media\/24693"}],"wp:attachment":[{"href":"https:\/\/deutschcolor.com\/de\/wp-json\/wp\/v2\/media?parent=24690"}],"curies":[{"name":"wp","href":"https:\/\/api.w.org\/{rel}","templated":true}]}}