{"id":24694,"date":"2019-08-27T14:09:14","date_gmt":"2019-08-27T14:09:14","guid":{"rendered":"https:\/\/deutschcolor.com\/de\/?post_type=product&#038;p=24694"},"modified":"2020-01-05T21:06:04","modified_gmt":"2020-01-05T21:06:04","slug":"quartz-decor","status":"publish","type":"product","link":"https:\/\/deutschcolor.com\/de\/product\/quartz-decor\/","title":{"rendered":"QUARTZ DECOR"},"content":{"rendered":"<p><strong>EIGENSCHAFTEN<\/strong><br \/>\n &#8211; F\u00fcr den Innen- und Au\u00dfenbereich.<br \/>\n &#8211; Hohe Witterungsbest\u00e4ndigkeit.<br \/>\n &#8211; Gute Verarbeitbarkeit.<br \/>\n &#8211; Bildet eine dauerhafte und dauerhafte Struktur.<\/p>\n<p><strong>EMPFEHLUNGEN F\u00dcR DEN GEBRAUCH<\/strong><br \/>\nQUARTZ DECOR eignet sich zur Herstellung von dekorativen Beschichtungen mit guten Haft- und elastischen wasserfesten Eigenschaften. Es wird auch verwendet, um dekorative Beschichtungen auf mit M\u00f6rtel, Zement oder Grundisolierm\u00f6rtel gef\u00fcllten Oberfl\u00e4chen zu erzeugen, die mit MEGAGRUND oder einem der Produkte der Reihe TB 800 vorab abgeflacht wurden.<\/p>\n<p>###<\/p>\n<p><strong>VERBRAUCH<\/strong><br \/>\n2,5 &#8211; 5 kg \/ m2 h\u00e4ngen von der Gr\u00f6\u00dfe des Steins ab<\/p>\n<p><strong>VERPACKUNG<\/strong><br \/>\nPlastikeimer 25 Kg.<\/p>\n<p><strong>HALTBARKEIT  UND LAGERUNG<\/strong><br \/>\n24 Monate in der Originalverpackung, unge\u00f6ffnet und vor direkter Sonneneinstrahlung und Frost gesch\u00fctzt.<\/p>\n","protected":false},"excerpt":{"rendered":"<p>Dekorative Beschichtung f\u00fcr die Behandlung von Fassaden und Innenfl\u00e4chen. Die Produktklassifizierung von QUARTZ DECOR ist gem\u00e4\u00df der Norm EN 15824 klassifiziert.<\/p>\n","protected":false},"featured_media":24695,"template":"","meta":{"om_disable_all_campaigns":false,"_monsterinsights_skip_tracking":false,"_monsterinsights_sitenote_active":false,"_monsterinsights_sitenote_note":"","_monsterinsights_sitenote_category":0},"class_list":["post-24694","product","type-product","status-publish","has-post-thumbnail","hentry","product_cat-coatings-decorative","product_cat-decorative-coatings"],"aioseo_notices":[],"_links":{"self":[{"href":"https:\/\/deutschcolor.com\/de\/wp-json\/wp\/v2\/product\/24694","targetHints":{"allow":["GET"]}}],"collection":[{"href":"https:\/\/deutschcolor.com\/de\/wp-json\/wp\/v2\/product"}],"about":[{"href":"https:\/\/deutschcolor.com\/de\/wp-json\/wp\/v2\/types\/product"}],"wp:featuredmedia":[{"embeddable":true,"href":"https:\/\/deutschcolor.com\/de\/wp-json\/wp\/v2\/media\/24695"}],"wp:attachment":[{"href":"https:\/\/deutschcolor.com\/de\/wp-json\/wp\/v2\/media?parent=24694"}],"curies":[{"name":"wp","href":"https:\/\/api.w.org\/{rel}","templated":true}]}}