{"id":24696,"date":"2019-08-27T14:11:04","date_gmt":"2019-08-27T14:11:04","guid":{"rendered":"https:\/\/deutschcolor.com\/de\/?post_type=product&#038;p=24696"},"modified":"2020-01-05T21:07:43","modified_gmt":"2020-01-05T21:07:43","slug":"glatte-spachtel-2","status":"publish","type":"product","link":"https:\/\/deutschcolor.com\/de\/product\/glatte-spachtel-2\/","title":{"rendered":"GLATTE SPACHTEL"},"content":{"rendered":"<p><strong>Eigenschaften<\/strong><br \/>\n\u2022 Eislaufspachtel bestehend aus Wei\u00dfzement, wei\u00dfem Marmorpulver, Harzen und speziellen Zus\u00e4tzen.<br \/>\n\u2022 Hergestellt auf Basis der Nanotechnologie.<br \/>\n\u2022 F\u00fcr den Innen- und Au\u00dfenbereich.<br \/>\n\u2022 Erm\u00f6glicht eine Dicke von 0 bis 3 mm f\u00fcr jede Schicht.<br \/>\n\u2022 Leicht mit Sandpapier eingerieben und ergibt ein starkes, hochglanzpoliertes Finish.<br \/>\n\u2022 Es entspricht der EN 998-1.<br \/>\nAnwendungsempfehlungen<br \/>\nZum Verlegen von W\u00e4nden und Decken mit herk\u00f6mmlichem M\u00f6rtel oder mit Zementm\u00f6rtel auf Kalkbasis.<br \/>\n\u2022 Stapeln von Betonfl\u00e4chen.<br \/>\n\u2022 F\u00fcr die Herstellung von polierten Oberfl\u00e4chen im Innen- und Au\u00dfenbereich.<\/p>\n<p>###<\/p>\n<p><strong>VERBRAUCH<\/strong><br \/>\n2,5 &#8211; 5 kg \/ m2 h\u00e4ngen von der Gr\u00f6\u00dfe des Steins ab<\/p>\n<p><strong>VERPACKUNG<\/strong><br \/>\nKunststoffeimer 25 Kg.<\/p>\n<p><strong>HALTBARKEIT  UND LAGERUNG<\/strong><br \/>\n12 Monate in unge\u00f6ffneter und vor direkter Sonnen- und Frosteinwirkung gesch\u00fctzter<br \/>\nOriginalverpackung.<\/p>\n","protected":false},"excerpt":{"rendered":"<p>Skateboard auf Basis der Nanotechnologie zur Realisierung von polierten Oberfl\u00e4chen im Innen- und Au\u00dfenbereich.<\/p>\n","protected":false},"featured_media":24697,"template":"","meta":{"om_disable_all_campaigns":false,"_monsterinsights_skip_tracking":false,"_monsterinsights_sitenote_active":false,"_monsterinsights_sitenote_note":"","_monsterinsights_sitenote_category":0},"class_list":["post-24696","product","type-product","status-publish","has-post-thumbnail","hentry","product_cat-coatings-decorative","product_cat-decorative-coatings"],"aioseo_notices":[],"_links":{"self":[{"href":"https:\/\/deutschcolor.com\/de\/wp-json\/wp\/v2\/product\/24696","targetHints":{"allow":["GET"]}}],"collection":[{"href":"https:\/\/deutschcolor.com\/de\/wp-json\/wp\/v2\/product"}],"about":[{"href":"https:\/\/deutschcolor.com\/de\/wp-json\/wp\/v2\/types\/product"}],"wp:featuredmedia":[{"embeddable":true,"href":"https:\/\/deutschcolor.com\/de\/wp-json\/wp\/v2\/media\/24697"}],"wp:attachment":[{"href":"https:\/\/deutschcolor.com\/de\/wp-json\/wp\/v2\/media?parent=24696"}],"curies":[{"name":"wp","href":"https:\/\/api.w.org\/{rel}","templated":true}]}}