{"id":24701,"date":"2019-08-27T14:15:28","date_gmt":"2019-08-27T14:15:28","guid":{"rendered":"https:\/\/deutschcolor.com\/de\/?post_type=product&#038;p=24701"},"modified":"2020-01-05T21:13:14","modified_gmt":"2020-01-05T21:13:14","slug":"iso-spachtel-elastisch","status":"publish","type":"product","link":"https:\/\/deutschcolor.com\/de\/product\/iso-spachtel-elastisch\/","title":{"rendered":"ISO SPACHTEL ELASTISCH"},"content":{"rendered":"<p><strong>Eigenschaften<\/strong><br \/>\n\u2022 Es entstehen keine Risse<br \/>\n\u2022 Starkes Kleben<br \/>\n\u2022 Wei\u00dfe Farbe<br \/>\n\u2022 Polierte Endoberfl\u00e4che<br \/>\n\u2022 Einfache Anwendung und Abrieb<br \/>\n\u2022 Auch bei dicker Membran tritt keine Kontraktion auf<\/p>\n<p><strong>Anwendungsempfehlungen<\/strong><br \/>\nEs wird zum Polieren von W\u00e4nden in allen Innenbereichen verwendet, in denen eine glatte und gerade Oberfl\u00e4che geschaffen werden soll, zum Skaten von Innenwandfl\u00e4chen, Deckenfl\u00e4chen, Betonfl\u00e4chen in Innenr\u00e4umen und Oberfl\u00e4chen, Zimmer, K\u00fcchen, Toiletten etc.<\/p>\n<p>###<\/p>\n<p><strong>Hinweise<\/strong><br \/>\n\u2022 Auf frischen Betonoberfl\u00e4chen wird empfohlen, das Produkt mindestens nach 30-40 Tagen aufzutragen.<br \/>\n\u2022 Es wird empfohlen, das Produkt nicht bei Temperaturen unter 5 \u00b0 C anzuwenden.<\/p>\n<p><strong>VERBRAUCH<\/strong><br \/>\n2,5 &#8211; 5 kg \/ m2 h\u00e4ngen von der Gr\u00f6\u00dfe des Steins ab<\/p>\n<p><strong>Verpackung<\/strong><br \/>\nPlastikeimer 5Kg \/ 15Kg.<\/p>\n","protected":false},"excerpt":{"rendered":"<p>Eisbahn auf Zementbasis, bestehend aus F\u00fcllstoffen mit ausgew\u00e4hlten Granulomeren und speziellen Additiven f\u00fcr den Innenbereich<\/p>\n","protected":false},"featured_media":24702,"template":"","meta":{"om_disable_all_campaigns":false,"_monsterinsights_skip_tracking":false,"_monsterinsights_sitenote_active":false,"_monsterinsights_sitenote_note":"","_monsterinsights_sitenote_category":0},"class_list":["post-24701","product","type-product","status-publish","has-post-thumbnail","hentry","product_cat-coatings-decorative","product_cat-decorative-coatings"],"aioseo_notices":[],"_links":{"self":[{"href":"https:\/\/deutschcolor.com\/de\/wp-json\/wp\/v2\/product\/24701","targetHints":{"allow":["GET"]}}],"collection":[{"href":"https:\/\/deutschcolor.com\/de\/wp-json\/wp\/v2\/product"}],"about":[{"href":"https:\/\/deutschcolor.com\/de\/wp-json\/wp\/v2\/types\/product"}],"wp:featuredmedia":[{"embeddable":true,"href":"https:\/\/deutschcolor.com\/de\/wp-json\/wp\/v2\/media\/24702"}],"wp:attachment":[{"href":"https:\/\/deutschcolor.com\/de\/wp-json\/wp\/v2\/media?parent=24701"}],"curies":[{"name":"wp","href":"https:\/\/api.w.org\/{rel}","templated":true}]}}