{"id":24705,"date":"2019-08-27T14:20:26","date_gmt":"2019-08-27T14:20:26","guid":{"rendered":"https:\/\/deutschcolor.com\/de\/?post_type=product&#038;p=24705"},"modified":"2020-01-05T21:16:25","modified_gmt":"2020-01-05T21:16:25","slug":"gips-fugen","status":"publish","type":"product","link":"https:\/\/deutschcolor.com\/de\/product\/gips-fugen\/","title":{"rendered":"GIPS FUGEN"},"content":{"rendered":"<p><strong>TECHNISCHE EIGENSCHAFTEN<\/strong><\/p>\n<p>G Kitt auf Gipsbasis, bestehend aus Kalkhydrat, Marmorpulver mit ausgew\u00e4hlter K\u00f6rnung und speziellen Zus\u00e4tzen.<\/p>\n<p>G Spachtelmasse auf Gipsbasis, die zusammen mit den Abdeckstreifen zum Umwickeln der Fugen zwischen den Pappplatten, zum Umwickeln der Fugen und Risse mit fertigen Betonoberfl\u00e4chen sowie zum Verlegen von Betonoberfl\u00e4chen mit oder ohne Porosit\u00e4t verwendet wird.<\/p>\n<p>###<br \/>\n<strong>VERPACKUNG<\/strong><br \/>\nPlastikeimer 10Kg<\/p>\n<p><strong>LAGERUNG<\/strong><br \/>\n12 Monate, trocken gelagert.<\/p>\n","protected":false},"excerpt":{"rendered":"<p>Der Kitt f\u00fcllt die Fugen zwischen den Papppaneelen.<\/p>\n","protected":false},"featured_media":24706,"template":"","meta":{"om_disable_all_campaigns":false,"_monsterinsights_skip_tracking":false,"_monsterinsights_sitenote_active":false,"_monsterinsights_sitenote_note":"","_monsterinsights_sitenote_category":0},"class_list":["post-24705","product","type-product","status-publish","has-post-thumbnail","hentry","product_cat-coatings-decorative","product_cat-decorative-coatings"],"aioseo_notices":[],"_links":{"self":[{"href":"https:\/\/deutschcolor.com\/de\/wp-json\/wp\/v2\/product\/24705","targetHints":{"allow":["GET"]}}],"collection":[{"href":"https:\/\/deutschcolor.com\/de\/wp-json\/wp\/v2\/product"}],"about":[{"href":"https:\/\/deutschcolor.com\/de\/wp-json\/wp\/v2\/types\/product"}],"wp:featuredmedia":[{"embeddable":true,"href":"https:\/\/deutschcolor.com\/de\/wp-json\/wp\/v2\/media\/24706"}],"wp:attachment":[{"href":"https:\/\/deutschcolor.com\/de\/wp-json\/wp\/v2\/media?parent=24705"}],"curies":[{"name":"wp","href":"https:\/\/api.w.org\/{rel}","templated":true}]}}