{"id":24707,"date":"2019-08-27T14:22:07","date_gmt":"2019-08-27T14:22:07","guid":{"rendered":"https:\/\/deutschcolor.com\/de\/?post_type=product&#038;p=24707"},"modified":"2020-01-05T21:17:13","modified_gmt":"2020-01-05T21:17:13","slug":"natural-fin","status":"publish","type":"product","link":"https:\/\/deutschcolor.com\/de\/product\/natural-fin\/","title":{"rendered":"NATURAL FIN"},"content":{"rendered":"<p><strong>EIGENSCHAFTEN<\/strong><br \/>\n\u2022 Es zeichnet sich durch eine hervorragende Offenheit und Verarbeitbarkeit aus, die das Auftragen auf Innen- und Au\u00dfenfl\u00e4chen erleichtern, die auch mit herk\u00f6mmlichem M\u00f6rtel und Fertigm\u00f6rtel gef\u00fcllt sind.<br \/>\n\u2022 Anwendbar bis zu einer Dicke von 3 mm.<\/p>\n<p><strong>Anwendungsempfehlungen<\/strong><br \/>\nEs eignet sich f\u00fcr Oberfl\u00e4chen, die mit herk\u00f6mmlichem M\u00f6rtel gef\u00fcllt oder im Voraus mit Zement oder Kalk vorbereitet wurden. Es kann mit Farbe oder anderen mineralischen und synthetischen Beschichtungen \u00fcberzogen werden.<\/p>\n<p>###<\/p>\n<p><strong>LAGERUNG UND HALTBARKEIT<\/strong><br \/>\n12 Monate bei trockener Lagerung, fern von W\u00e4rmequellen, bei einer Temperatur zwischen + 5 \u00b0 C und + 30 \u00b0 C. Vor Frost sch\u00fctzen.<\/p>\n<p><strong>Hinweise<\/strong><br \/>\n\u2022 Auf frischem Beton sollte das Produkt mindestens nach 30-40 Tagen aufgetragen werden<br \/>\n\u2022 Es wird empfohlen, das Produkt nicht bei Temperaturen unter 5 \u00b0 C anzuwenden.<\/p>\n<p><strong>Verpackung<\/strong>: 25 kg Papiert\u00fcten.<\/p>\n","protected":false},"excerpt":{"rendered":"<p>Pulverf\u00f6rmiges Material mit Zement, Kalkhydrat, Kohlenstoffsand mit ausgew\u00e4hlter K\u00f6rnung, synthetischen Strahlen und speziellen Zus\u00e4tzen.<\/p>\n","protected":false},"featured_media":24709,"template":"","meta":{"om_disable_all_campaigns":false,"_monsterinsights_skip_tracking":false,"_monsterinsights_sitenote_active":false,"_monsterinsights_sitenote_note":"","_monsterinsights_sitenote_category":0},"class_list":["post-24707","product","type-product","status-publish","has-post-thumbnail","hentry","product_cat-coatings-decorative","product_cat-finishing-putty"],"aioseo_notices":[],"_links":{"self":[{"href":"https:\/\/deutschcolor.com\/de\/wp-json\/wp\/v2\/product\/24707","targetHints":{"allow":["GET"]}}],"collection":[{"href":"https:\/\/deutschcolor.com\/de\/wp-json\/wp\/v2\/product"}],"about":[{"href":"https:\/\/deutschcolor.com\/de\/wp-json\/wp\/v2\/types\/product"}],"wp:featuredmedia":[{"embeddable":true,"href":"https:\/\/deutschcolor.com\/de\/wp-json\/wp\/v2\/media\/24709"}],"wp:attachment":[{"href":"https:\/\/deutschcolor.com\/de\/wp-json\/wp\/v2\/media?parent=24707"}],"curies":[{"name":"wp","href":"https:\/\/api.w.org\/{rel}","templated":true}]}}