{"id":24710,"date":"2019-08-27T14:24:19","date_gmt":"2019-08-27T14:24:19","guid":{"rendered":"https:\/\/deutschcolor.com\/de\/?post_type=product&#038;p=24710"},"modified":"2020-01-05T21:17:54","modified_gmt":"2020-01-05T21:17:54","slug":"natural-kalk","status":"publish","type":"product","link":"https:\/\/deutschcolor.com\/de\/product\/natural-kalk\/","title":{"rendered":"NATURAL KALK"},"content":{"rendered":"<p>NATURAL KALK ist ein nach der HTT-Technologie (Horman Transpirance Technology) hergestelltes Pulvermaterial, das Schimmelbildung verhindert und die Bel\u00fcftung von zementhaltigen, hydratisierten Oberfl\u00e4chen, Marmorkarbonat und Marmor ausgew\u00e4hlter K\u00f6rnung, Kunstharzen und W\u00e4nden erm\u00f6glicht. spezielle Zus\u00e4tze.<\/p>\n<p><strong>EIGENSCHAFTEN<\/strong><br \/>\n\u2022 Ausgezeichnete Verteilung und Verarbeitung sowie hohe Deckkraft (10 &#8211; 12 m2 \/ Sack 25 kg)<br \/>\n\u2022 Erleichtert das Auftragen auf Innen- und Au\u00dfenfl\u00e4chen, die auch mit herk\u00f6mmlichem M\u00f6rtel und Fertigm\u00f6rtel gef\u00fcllt sind.<br \/>\n\u2022 Anwendbar bis zu einer Dicke von 3 mm.<\/p>\n<p>###<\/p>\n<p><strong>LAGERUNG<\/strong><br \/>\n12 Monate bei trockener Lagerung, fern von W\u00e4rmequellen, bei einer Temperatur zwischen + 5 \u00b0 C und + 30 \u00b0 C. Vor Frost sch\u00fctzen.<\/p>\n<p><strong>Die Art der Reinigung<\/strong><br \/>\nArbeitsger\u00e4te und H\u00e4nde sollten gereinigt werden, solange das Produkt noch feucht ist.<\/p>\n<p><strong>Verpackung<\/strong>: Papiert\u00fcten 25 Kg.<\/p>\n","protected":false},"excerpt":{"rendered":"<p>Es ist ein pulverf\u00f6rmiges Material, das mit der HTT-Technologie (Horman Technology Transparent) hergestellt wurde.<\/p>\n","protected":false},"featured_media":24711,"template":"","meta":{"om_disable_all_campaigns":false,"_monsterinsights_skip_tracking":false,"_monsterinsights_sitenote_active":false,"_monsterinsights_sitenote_note":"","_monsterinsights_sitenote_category":0},"class_list":["post-24710","product","type-product","status-publish","has-post-thumbnail","hentry","product_cat-coatings-decorative","product_cat-finishing-putty"],"aioseo_notices":[],"_links":{"self":[{"href":"https:\/\/deutschcolor.com\/de\/wp-json\/wp\/v2\/product\/24710","targetHints":{"allow":["GET"]}}],"collection":[{"href":"https:\/\/deutschcolor.com\/de\/wp-json\/wp\/v2\/product"}],"about":[{"href":"https:\/\/deutschcolor.com\/de\/wp-json\/wp\/v2\/types\/product"}],"wp:featuredmedia":[{"embeddable":true,"href":"https:\/\/deutschcolor.com\/de\/wp-json\/wp\/v2\/media\/24711"}],"wp:attachment":[{"href":"https:\/\/deutschcolor.com\/de\/wp-json\/wp\/v2\/media?parent=24710"}],"curies":[{"name":"wp","href":"https:\/\/api.w.org\/{rel}","templated":true}]}}