{"id":24713,"date":"2019-08-27T14:26:00","date_gmt":"2019-08-27T14:26:00","guid":{"rendered":"https:\/\/deutschcolor.com\/de\/?post_type=product&#038;p=24713"},"modified":"2020-01-05T21:18:42","modified_gmt":"2020-01-05T21:18:42","slug":"mineral-megagrund","status":"publish","type":"product","link":"https:\/\/deutschcolor.com\/de\/product\/mineral-megagrund\/","title":{"rendered":"MINERAL MEGAGRUND"},"content":{"rendered":"<p><strong>EIGENSCHAFTEN<\/strong><br \/>\n\u2022 Es handelt sich um ein Pulvermaterial mit Zement, Kalk, Sand ausgew\u00e4hlter K\u00f6rnung, hydrophoben Kunstharzen und speziellen Zus\u00e4tzen.<br \/>\n\u2022 Es zeichnet sich durch eine hervorragende Offenheit und Verarbeitbarkeit aus und erleichtert so die Anwendung des Produkts auf herk\u00f6mmlichen oder vorbereiteten M\u00f6rteltr\u00e4gern.<br \/>\n\u2022 Bietet lange Verarbeitungszeit, hervorragende Haftung mit Unterst\u00fctzung und hervorragende Oberfl\u00e4cheng\u00fcte.<br \/>\n\u2022 Es erzeugt eine sehr gute Wasserabdichtung auf der Oberfl\u00e4che, auf der es aufgetragen wird, wodurch das Aufbringen von dekorativen Beschichtungen erleichtert wird.<br \/>\n\u2022 Schafft eine gute Verbindung zwischen Grundm\u00f6rtel und Dekorschicht.<br \/>\n\u2022 Anwendbar f\u00fcr Dicken bis zu 3 mm.<\/p>\n<p>###<\/p>\n<p><strong>Verbrauch<\/strong><br \/>\nCa. 1,5 kg \/ m2 f\u00fcr mm Dicke.<\/p>\n<p><strong>Lagerung und Haltbarkeit<\/strong><br \/>\n24 Monate bei Lagerung in unge\u00f6ffneter Originalverpackung in Umgebungen, die vor Feuchtigkeit und Frost gesch\u00fctzt sind.<\/p>\n<p><strong>Verpackung<\/strong><br \/>\nPapiert\u00fcten 25Kg.<\/p>\n","protected":false},"excerpt":{"rendered":"<p>Ausgleichsmaterial f\u00fcr Oberfl\u00e4chen, die mit einer dekorativen Beschichtung versehen werden sollen.<\/p>\n","protected":false},"featured_media":24714,"template":"","meta":{"om_disable_all_campaigns":false,"_monsterinsights_skip_tracking":false,"_monsterinsights_sitenote_active":false,"_monsterinsights_sitenote_note":"","_monsterinsights_sitenote_category":0},"class_list":["post-24713","product","type-product","status-publish","has-post-thumbnail","hentry","product_cat-coatings-decorative","product_cat-primer"],"aioseo_notices":[],"_links":{"self":[{"href":"https:\/\/deutschcolor.com\/de\/wp-json\/wp\/v2\/product\/24713","targetHints":{"allow":["GET"]}}],"collection":[{"href":"https:\/\/deutschcolor.com\/de\/wp-json\/wp\/v2\/product"}],"about":[{"href":"https:\/\/deutschcolor.com\/de\/wp-json\/wp\/v2\/types\/product"}],"wp:featuredmedia":[{"embeddable":true,"href":"https:\/\/deutschcolor.com\/de\/wp-json\/wp\/v2\/media\/24714"}],"wp:attachment":[{"href":"https:\/\/deutschcolor.com\/de\/wp-json\/wp\/v2\/media?parent=24713"}],"curies":[{"name":"wp","href":"https:\/\/api.w.org\/{rel}","templated":true}]}}