{"id":24715,"date":"2019-08-27T14:28:06","date_gmt":"2019-08-27T14:28:06","guid":{"rendered":"https:\/\/deutschcolor.com\/de\/?post_type=product&#038;p=24715"},"modified":"2020-01-05T21:21:46","modified_gmt":"2020-01-05T21:21:46","slug":"decocem","status":"publish","type":"product","link":"https:\/\/deutschcolor.com\/de\/product\/decocem\/","title":{"rendered":"DECOCEM"},"content":{"rendered":"<p><strong>EIGENSCHAFTEN<\/strong><br \/>\nMicrotec aes ist eine polymermodifizierte, polymerbeschichtete, faserbeschichtete, nicht abrasive Beschichtung, die f\u00fcr Innen- und Au\u00dfenanwendungen auf B\u00f6den und W\u00e4nden geeignet ist und Folgendes bietet:<br \/>\n\u2022 Korrosionsbest\u00e4ndigkeit.<br \/>\n\u2022 Sehr gute Haftung zum Untergrund.<br \/>\n\u2022 Wasserhaftung.<br \/>\n\u2022 Ein besonderes \u00e4sthetisches Ergebnis.<br \/>\nEs ist gem\u00e4\u00df en 1504-3 als Pcc R3-M\u00f6rtel f\u00fcr Betonreparaturen eingestuft.<\/p>\n<p>###<\/p>\n<p><strong>LAGERUNG UND HALTBARKEIT<\/strong><br \/>\n12 Monate bei Lagerung in unge\u00f6ffneter Originalverpackung an feuchtigkeits- und frostgesch\u00fctzten Orten.<\/p>\n<p><strong>Verpackung<\/strong><br \/>\nPapiert\u00fcten 25Kg.<\/p>\n","protected":false},"excerpt":{"rendered":"<p>Mikrozementbeschichtung f\u00fcr die Oberfl\u00e4chenbeschichtung von B\u00f6den und W\u00e4nden<\/p>\n","protected":false},"featured_media":24716,"template":"","meta":{"om_disable_all_campaigns":false,"_monsterinsights_skip_tracking":false,"_monsterinsights_sitenote_active":false,"_monsterinsights_sitenote_note":"","_monsterinsights_sitenote_category":0},"class_list":["post-24715","product","type-product","status-publish","has-post-thumbnail","hentry","product_cat-coatings-decorative","product_cat-primer"],"aioseo_notices":[],"_links":{"self":[{"href":"https:\/\/deutschcolor.com\/de\/wp-json\/wp\/v2\/product\/24715","targetHints":{"allow":["GET"]}}],"collection":[{"href":"https:\/\/deutschcolor.com\/de\/wp-json\/wp\/v2\/product"}],"about":[{"href":"https:\/\/deutschcolor.com\/de\/wp-json\/wp\/v2\/types\/product"}],"wp:featuredmedia":[{"embeddable":true,"href":"https:\/\/deutschcolor.com\/de\/wp-json\/wp\/v2\/media\/24716"}],"wp:attachment":[{"href":"https:\/\/deutschcolor.com\/de\/wp-json\/wp\/v2\/media?parent=24715"}],"curies":[{"name":"wp","href":"https:\/\/api.w.org\/{rel}","templated":true}]}}