{"id":24717,"date":"2019-08-27T14:31:20","date_gmt":"2019-08-27T14:31:20","guid":{"rendered":"https:\/\/deutschcolor.com\/de\/?post_type=product&#038;p=24717"},"modified":"2020-01-05T21:30:09","modified_gmt":"2020-01-05T21:30:09","slug":"picasso-jadore","status":"publish","type":"product","link":"https:\/\/deutschcolor.com\/de\/product\/picasso-jadore\/","title":{"rendered":"PICASSO J\u2019ADORE"},"content":{"rendered":"<p><strong>EIGENSCHAFTEN<\/strong><br \/>\n\u2022 Matteffekt<br \/>\n\u2022 Erh\u00e4ltlich in 2 Basen W und P<br \/>\n\u2022 Starke Haftung und schnelles Trocknen<br \/>\n\u2022 Gute Verarbeitbarkeit und Verlaufseigenschaften<br \/>\n\u2022 Sehr gute Deckkraft und Wei\u00dfe<br \/>\n\u2022 Erh\u00e4lt 30 Tage nach dem Auftragen 1500 Waschzyklen<\/p>\n<p><strong>Anwendungsempfehlungen<\/strong><br \/>\nEs wird an allen W\u00e4nden und Decken jeglicher Art in Innenr\u00e4umen, Schlafzimmern, Toiletten, Wohnr\u00e4umen, B\u00fcros, Dienstleistungen usw. verwendet.<\/p>\n<p>###<\/p>\n<p><strong>Informationen zu Gesundheit, Sicherheit und Umwelt<\/strong><br \/>\nHalten Sie das Produkt von Kindern fern. Bei Verschlucken \u00e4rztlichen Rat einholen und den Inhalt der Packung mitteilen. Entsorgen Sie das Produkt nicht in Rohren oder Kan\u00e4len.<\/p>\n<p><strong>Hinweise<\/strong><br \/>\nEs wird empfohlen, die Anwendung des Produkts bei Temperaturen unter 5 \u00b0 C zu vermeiden.<\/p>\n<p><strong>Verpackung<\/strong><br \/>\nPlastikeimer 3lt \/ 9lt \/ 15lt.<\/p>\n","protected":false},"excerpt":{"rendered":"<p>Sparsame Innenfarbe f\u00fcr den Innenbereich mit guten Deck- und Verlaufseigenschaften<\/p>\n","protected":false},"featured_media":24718,"template":"","meta":{"om_disable_all_campaigns":false,"_monsterinsights_skip_tracking":false,"_monsterinsights_sitenote_active":false,"_monsterinsights_sitenote_note":"","_monsterinsights_sitenote_category":0},"class_list":["post-24717","product","type-product","status-publish","has-post-thumbnail","hentry","product_cat-paints","product_cat-indoor-paints"],"aioseo_notices":[],"_links":{"self":[{"href":"https:\/\/deutschcolor.com\/de\/wp-json\/wp\/v2\/product\/24717","targetHints":{"allow":["GET"]}}],"collection":[{"href":"https:\/\/deutschcolor.com\/de\/wp-json\/wp\/v2\/product"}],"about":[{"href":"https:\/\/deutschcolor.com\/de\/wp-json\/wp\/v2\/types\/product"}],"wp:featuredmedia":[{"embeddable":true,"href":"https:\/\/deutschcolor.com\/de\/wp-json\/wp\/v2\/media\/24718"}],"wp:attachment":[{"href":"https:\/\/deutschcolor.com\/de\/wp-json\/wp\/v2\/media?parent=24717"}],"curies":[{"name":"wp","href":"https:\/\/api.w.org\/{rel}","templated":true}]}}