{"id":24721,"date":"2019-08-27T14:40:27","date_gmt":"2019-08-27T14:40:27","guid":{"rendered":"https:\/\/deutschcolor.com\/de\/?post_type=product&#038;p=24721"},"modified":"2020-01-05T21:53:43","modified_gmt":"2020-01-05T21:53:43","slug":"straben-80-g","status":"publish","type":"product","link":"https:\/\/deutschcolor.com\/de\/product\/straben-80-g\/","title":{"rendered":"STRA\u00dfEN 80-G"},"content":{"rendered":"<p><strong>Eigenschaften<\/strong>:<br \/>\n-Hervorragende Abdeckung<br \/>\n-Sehr starke Haftung und schnelles Trocknen<br \/>\n-Sehr hohe Schlagfestigkeit<br \/>\n-Hervorragende Haltbarkeit und hohe Reflexionsverm\u00f6gen<\/p>\n<p><strong>EMPFOHLENE ANWENDUNGEN<\/strong><br \/>\nIdeal zur Markierung von Stra\u00dfen, Parkpl\u00e4tzen und Feldern.<\/p>\n<p>###<\/p>\n<p><strong>HINWEISE<\/strong><br \/>\n\u2022 Es wird empfohlen, das Produkt nicht bei Temperaturen unter 5 \u00b0 C oder kurz vor dem Regen anzuwenden.<\/p>\n<p><strong>VERBRAUCH<\/strong><br \/>\n8 m linear \/ kg<\/p>\n<p><strong>Verpackung<\/strong><br \/>\nFass 30Kg.<\/p>\n","protected":false},"excerpt":{"rendered":"<p>Acrylfarbe mit schneller Trocknung f\u00fcr Stra\u00dfenanstriche. Ausgezeichnete Qualit\u00e4t<\/p>\n","protected":false},"featured_media":24845,"template":"","meta":{"om_disable_all_campaigns":false,"_monsterinsights_skip_tracking":false,"_monsterinsights_sitenote_active":false,"_monsterinsights_sitenote_note":"","_monsterinsights_sitenote_category":0},"class_list":["post-24721","product","type-product","status-publish","has-post-thumbnail","hentry","product_cat-paints","product_cat-street-paint"],"aioseo_notices":[],"_links":{"self":[{"href":"https:\/\/deutschcolor.com\/de\/wp-json\/wp\/v2\/product\/24721","targetHints":{"allow":["GET"]}}],"collection":[{"href":"https:\/\/deutschcolor.com\/de\/wp-json\/wp\/v2\/product"}],"about":[{"href":"https:\/\/deutschcolor.com\/de\/wp-json\/wp\/v2\/types\/product"}],"wp:featuredmedia":[{"embeddable":true,"href":"https:\/\/deutschcolor.com\/de\/wp-json\/wp\/v2\/media\/24845"}],"wp:attachment":[{"href":"https:\/\/deutschcolor.com\/de\/wp-json\/wp\/v2\/media?parent=24721"}],"curies":[{"name":"wp","href":"https:\/\/api.w.org\/{rel}","templated":true}]}}