{"id":24723,"date":"2019-08-27T14:50:04","date_gmt":"2019-08-27T14:50:04","guid":{"rendered":"https:\/\/deutschcolor.com\/de\/?post_type=product&#038;p=24723"},"modified":"2020-01-06T09:32:41","modified_gmt":"2020-01-06T09:32:41","slug":"waagen-10-h","status":"publish","type":"product","link":"https:\/\/deutschcolor.com\/de\/product\/waagen-10-h\/","title":{"rendered":"WAAGEN 10-H"},"content":{"rendered":"<p><strong>EIGENSCHAFTEN<\/strong><br \/>\n\u2022 Bleifrei und chromfrei<br \/>\n\u2022 In 12 Farben erh\u00e4ltlich<br \/>\n\u2022 Umfassender Korrosionsschutz<br \/>\n\u2022 Hervorragende Verarbeitbarkeit<br \/>\n\u2022 Starke Haftung und schnelles Trocknen<br \/>\n\u2022 Hohe Korrosionsbest\u00e4ndigkeit<\/p>\n<p><strong>Anwendungsempfehlungen<\/strong><br \/>\nEs wird empfohlen, alle Metalloberfl\u00e4chen, die f\u00fcr den Innen- und Au\u00dfenbereich vorgesehen sind und f\u00fcr die ein dekorativer Effekt erforderlich ist, mit Farbe zu versehen.<\/p>\n<p>###<\/p>\n<p><strong>LAGERUNG UND HALTBARKEIT <\/strong><br \/>\n36 Monate bei versiegelter Verpackung und unter normalen Bedingungen.<\/p>\n<p><strong>HINWEISE<\/strong><br \/>\nEs wird empfohlen, die Anwendung des Produkts bei Temperaturen unter 5 \u00b0 C zu vermeiden.<\/p>\n<p><strong>Verbrauch<\/strong><br \/>\n12-14m2 \/ lt<\/p>\n<p><strong>Verpackung<\/strong><br \/>\n0,75 l \/ 3 l-Dosen<\/p>\n","protected":false},"excerpt":{"rendered":"<p>Metallfarbe mit dekorativer Wirkung mit ausgezeichneter Best\u00e4ndigkeit und hohem Glanz<\/p>\n","protected":false},"featured_media":24839,"template":"","meta":{"om_disable_all_campaigns":false,"_monsterinsights_skip_tracking":false,"_monsterinsights_sitenote_active":false,"_monsterinsights_sitenote_note":"","_monsterinsights_sitenote_category":0},"class_list":["post-24723","product","type-product","status-publish","has-post-thumbnail","hentry","product_cat-metal-paints","product_cat-paints-for-metals"],"aioseo_notices":[],"_links":{"self":[{"href":"https:\/\/deutschcolor.com\/de\/wp-json\/wp\/v2\/product\/24723","targetHints":{"allow":["GET"]}}],"collection":[{"href":"https:\/\/deutschcolor.com\/de\/wp-json\/wp\/v2\/product"}],"about":[{"href":"https:\/\/deutschcolor.com\/de\/wp-json\/wp\/v2\/types\/product"}],"wp:featuredmedia":[{"embeddable":true,"href":"https:\/\/deutschcolor.com\/de\/wp-json\/wp\/v2\/media\/24839"}],"wp:attachment":[{"href":"https:\/\/deutschcolor.com\/de\/wp-json\/wp\/v2\/media?parent=24723"}],"curies":[{"name":"wp","href":"https:\/\/api.w.org\/{rel}","templated":true}]}}