{"id":24725,"date":"2019-08-27T14:57:02","date_gmt":"2019-08-27T14:57:02","guid":{"rendered":"https:\/\/deutschcolor.com\/de\/?post_type=product&#038;p=24725"},"modified":"2020-01-06T09:38:55","modified_gmt":"2020-01-06T09:38:55","slug":"rot-grund","status":"publish","type":"product","link":"https:\/\/deutschcolor.com\/de\/product\/rot-grund\/","title":{"rendered":"ROT GRUND"},"content":{"rendered":"<p>\u2022 Hervorragende Abdeckung<br \/>\n\u2022 Hervorragende Verarbeitbarkeit und Nivellierung<br \/>\n\u2022 Starke Haftung und hohe Elastizit\u00e4t<br \/>\n\u2022 Hervorragende F\u00fclleigenschaften<br \/>\n\u2022 Hervorragender Korrosionsschutz<\/p>\n<p><strong>Anwendungsempfehlungen<\/strong><br \/>\nIdeal als Korrosionsschutzbeschichtung f\u00fcr Alkydlacke f\u00fcr Metallau\u00dfenfl\u00e4chen auch unter Bedingungen<br \/>\nstark \u00e4tzend.<\/p>\n<p>###<\/p>\n<p><strong>Lagerung und Haltbarkeit <\/strong><br \/>\n18 Monate bei versiegelter Verpackung und unter normalen Bedingungen.<\/p>\n<p><strong>Hinweise<\/strong><br \/>\nEs wird empfohlen, die Anwendung des Produkts bei Temperaturen unter 5 \u00b0 C zu vermeiden.<\/p>\n<p><strong>Verpackung<\/strong><br \/>\nDosen 1Kg.<\/p>\n","protected":false},"excerpt":{"rendered":"<p>Exzellente bleirote oxidrote Korrosionsschutzgrundierung f\u00fcr Metalloberfl\u00e4chen<\/p>\n","protected":false},"featured_media":24726,"template":"","meta":{"om_disable_all_campaigns":false,"_monsterinsights_skip_tracking":false,"_monsterinsights_sitenote_active":false,"_monsterinsights_sitenote_note":"","_monsterinsights_sitenote_category":0},"class_list":["post-24725","product","type-product","status-publish","has-post-thumbnail","hentry","product_cat-metal-paints","product_cat-paints-for-metals"],"aioseo_notices":[],"_links":{"self":[{"href":"https:\/\/deutschcolor.com\/de\/wp-json\/wp\/v2\/product\/24725","targetHints":{"allow":["GET"]}}],"collection":[{"href":"https:\/\/deutschcolor.com\/de\/wp-json\/wp\/v2\/product"}],"about":[{"href":"https:\/\/deutschcolor.com\/de\/wp-json\/wp\/v2\/types\/product"}],"wp:featuredmedia":[{"embeddable":true,"href":"https:\/\/deutschcolor.com\/de\/wp-json\/wp\/v2\/media\/24726"}],"wp:attachment":[{"href":"https:\/\/deutschcolor.com\/de\/wp-json\/wp\/v2\/media?parent=24725"}],"curies":[{"name":"wp","href":"https:\/\/api.w.org\/{rel}","templated":true}]}}