{"id":24727,"date":"2019-08-27T15:07:35","date_gmt":"2019-08-27T15:07:35","guid":{"rendered":"https:\/\/deutschcolor.com\/de\/?post_type=product&#038;p=24727"},"modified":"2020-01-06T11:24:01","modified_gmt":"2020-01-06T11:24:01","slug":"graf-200-a","status":"publish","type":"product","link":"https:\/\/deutschcolor.com\/de\/product\/graf-200-a\/","title":{"rendered":"GRAF 200 A"},"content":{"rendered":"<p><strong>Produkteigenschaften<\/strong><br \/>\n\u2022 Leichter Geruch<br \/>\n\u2022 Hohe Transparenz, die die endg\u00fcltige Farbe nicht beeintr\u00e4chtigt<br \/>\n\u2022 Sehr gute Schleif- und F\u00fclleigenschaften<\/p>\n<p><strong>Anwendungsempfehlungen<\/strong><br \/>\nGraph 200 wird als Unterlage f\u00fcr Holzoberfl\u00e4chen empfohlen, z. B .: M\u00f6bel, Tische, St\u00fchle, Furniert\u00fcren, Holzspielzeug usw.<\/p>\n<p>###<\/p>\n<p><strong>Hinweise<\/strong><br \/>\nEs wird empfohlen, die Anwendung des Produkts bei Temperaturen unter 5 \u00b0 C und \u00fcber 30 \u00b0 C zu vermeiden.<\/p>\n<p><strong>Verbrauch<\/strong><br \/>\n200 g &#8211; 250 g \/ l<\/p>\n<p><strong>Verpackung<\/strong><br \/>\n4lt \/ 20lt Metalleimer<\/p>\n","protected":false},"excerpt":{"rendered":"<p>Zweikomponentiger, wirtschaftlicher transparenter Primer  zum F\u00fcllen von Holzporen<\/p>\n","protected":false},"featured_media":24729,"template":"","meta":{"om_disable_all_campaigns":false,"_monsterinsights_skip_tracking":false,"_monsterinsights_sitenote_active":false,"_monsterinsights_sitenote_note":"","_monsterinsights_sitenote_category":0},"class_list":["post-24727","product","type-product","status-publish","has-post-thumbnail","hentry","product_cat-polyurethane-based-products","product_cat-primer-polyurethane-based-products"],"aioseo_notices":[],"_links":{"self":[{"href":"https:\/\/deutschcolor.com\/de\/wp-json\/wp\/v2\/product\/24727","targetHints":{"allow":["GET"]}}],"collection":[{"href":"https:\/\/deutschcolor.com\/de\/wp-json\/wp\/v2\/product"}],"about":[{"href":"https:\/\/deutschcolor.com\/de\/wp-json\/wp\/v2\/types\/product"}],"wp:featuredmedia":[{"embeddable":true,"href":"https:\/\/deutschcolor.com\/de\/wp-json\/wp\/v2\/media\/24729"}],"wp:attachment":[{"href":"https:\/\/deutschcolor.com\/de\/wp-json\/wp\/v2\/media?parent=24727"}],"curies":[{"name":"wp","href":"https:\/\/api.w.org\/{rel}","templated":true}]}}