{"id":24732,"date":"2019-08-27T15:09:21","date_gmt":"2019-08-27T15:09:21","guid":{"rendered":"https:\/\/deutschcolor.com\/de\/?post_type=product&#038;p=24732"},"modified":"2020-01-06T11:24:31","modified_gmt":"2020-01-06T11:24:31","slug":"graf-250-a","status":"publish","type":"product","link":"https:\/\/deutschcolor.com\/de\/product\/graf-250-a\/","title":{"rendered":"GRAF 250 A"},"content":{"rendered":"<p><strong>Produkteigenschaften<\/strong><br \/>\n\u2022 Leichtes Aroma<br \/>\n\u2022 Extrawei\u00df<br \/>\n\u2022 Best\u00e4ndig gegen Vergilbung<br \/>\n\u2022 Sehr gute Schleif- und F\u00fclleigenschaften<\/p>\n<p><strong>Anwendungsempfehlungen<\/strong><br \/>\nGraph 250 wird als wei\u00dfer Liner auf Holz- oder MDF-Oberfl\u00e4chen empfohlen, z. B .: M\u00f6bel, Tische, St\u00fchle, MDF-T\u00fcren oder Furnier. Dieses Produkt wird auch in allen Holz- oder MDF-Objekten verwendet, die mit wei\u00dfem oder pigmentiertem Lack lackiert sind.<\/p>\n<p>###<\/p>\n<p><strong>Hinweise<\/strong><br \/>\nEs wird empfohlen, die Anwendung des Produkts bei Temperaturen unter 5 \u00b0 C und \u00fcber 30 \u00b0 C zu vermeiden.<\/p>\n<p><strong>Verbrauch<\/strong><br \/>\n150 g &#8211; 200 g \/ l<\/p>\n<p><strong>Verpackung<\/strong><br \/>\n4lt \/ 20lt Metalleimer<\/p>\n","protected":false},"excerpt":{"rendered":"<p>White Economic Liner, bestehend aus zwei Komponenten, zum F\u00fcllen von Holzporen<\/p>\n","protected":false},"featured_media":24728,"template":"","meta":{"om_disable_all_campaigns":false,"_monsterinsights_skip_tracking":false,"_monsterinsights_sitenote_active":false,"_monsterinsights_sitenote_note":"","_monsterinsights_sitenote_category":0},"class_list":["post-24732","product","type-product","status-publish","has-post-thumbnail","hentry","product_cat-polyurethane-based-products","product_cat-primer-polyurethane-based-products"],"aioseo_notices":[],"_links":{"self":[{"href":"https:\/\/deutschcolor.com\/de\/wp-json\/wp\/v2\/product\/24732","targetHints":{"allow":["GET"]}}],"collection":[{"href":"https:\/\/deutschcolor.com\/de\/wp-json\/wp\/v2\/product"}],"about":[{"href":"https:\/\/deutschcolor.com\/de\/wp-json\/wp\/v2\/types\/product"}],"wp:featuredmedia":[{"embeddable":true,"href":"https:\/\/deutschcolor.com\/de\/wp-json\/wp\/v2\/media\/24728"}],"wp:attachment":[{"href":"https:\/\/deutschcolor.com\/de\/wp-json\/wp\/v2\/media?parent=24732"}],"curies":[{"name":"wp","href":"https:\/\/api.w.org\/{rel}","templated":true}]}}