{"id":24740,"date":"2019-08-27T15:22:59","date_gmt":"2019-08-27T15:22:59","guid":{"rendered":"https:\/\/deutschcolor.com\/de\/?post_type=product&#038;p=24740"},"modified":"2020-01-06T11:42:54","modified_gmt":"2020-01-06T11:42:54","slug":"mesh-dc-f160","status":"publish","type":"product","link":"https:\/\/deutschcolor.com\/de\/product\/mesh-dc-f160\/","title":{"rendered":"MESH DC F160 5*5"},"content":{"rendered":"<p>Glasfasergewebe zur Verst\u00e4rkung von zu reparierenden oder zur W\u00e4rmed\u00e4mmung verwendeten Fassaden.<\/p>\n","protected":false},"excerpt":{"rendered":"<p>Glasfasergewebe zur Verst\u00e4rkung von zu reparierenden oder zur W\u00e4rmed\u00e4mmung verwendeten Fassaden.<\/p>\n","protected":false},"featured_media":24736,"template":"","meta":{"om_disable_all_campaigns":false,"_monsterinsights_skip_tracking":false,"_monsterinsights_sitenote_active":false,"_monsterinsights_sitenote_note":"","_monsterinsights_sitenote_category":0},"class_list":["post-24740","product","type-product","status-publish","has-post-thumbnail","hentry","product_cat-products-association","product_cat-associative-products-products-association"],"aioseo_notices":[],"_links":{"self":[{"href":"https:\/\/deutschcolor.com\/de\/wp-json\/wp\/v2\/product\/24740","targetHints":{"allow":["GET"]}}],"collection":[{"href":"https:\/\/deutschcolor.com\/de\/wp-json\/wp\/v2\/product"}],"about":[{"href":"https:\/\/deutschcolor.com\/de\/wp-json\/wp\/v2\/types\/product"}],"wp:featuredmedia":[{"embeddable":true,"href":"https:\/\/deutschcolor.com\/de\/wp-json\/wp\/v2\/media\/24736"}],"wp:attachment":[{"href":"https:\/\/deutschcolor.com\/de\/wp-json\/wp\/v2\/media?parent=24740"}],"curies":[{"name":"wp","href":"https:\/\/api.w.org\/{rel}","templated":true}]}}