{"id":24742,"date":"2019-08-27T15:26:21","date_gmt":"2019-08-27T15:26:21","guid":{"rendered":"https:\/\/deutschcolor.com\/de\/?post_type=product&#038;p=24742"},"modified":"2020-01-06T11:43:38","modified_gmt":"2020-01-06T11:43:38","slug":"metal-anchors","status":"publish","type":"product","link":"https:\/\/deutschcolor.com\/de\/product\/metal-anchors\/","title":{"rendered":"METAL ANCHORS"},"content":{"rendered":"<p>Metallbefestigungen f\u00fcr Styropor-, Glaswolle- oder Steinplatten mit inneren Metallbefestigungselementen und \u00e4u\u00dferer Kunststoffbeschichtung.<\/p>\n","protected":false},"excerpt":{"rendered":"<p>Metallbefestigungen f\u00fcr Styropor-, Glaswolle- oder Steinplatten mit inneren Metallbefestigungselementen und \u00e4u\u00dferer Kunststoffbeschichtung.<\/p>\n","protected":false},"featured_media":24743,"template":"","meta":{"om_disable_all_campaigns":false,"_monsterinsights_skip_tracking":false,"_monsterinsights_sitenote_active":false,"_monsterinsights_sitenote_note":"","_monsterinsights_sitenote_category":0},"class_list":["post-24742","product","type-product","status-publish","has-post-thumbnail","hentry","product_cat-products-association","product_cat-associative-products-products-association"],"aioseo_notices":[],"_links":{"self":[{"href":"https:\/\/deutschcolor.com\/de\/wp-json\/wp\/v2\/product\/24742","targetHints":{"allow":["GET"]}}],"collection":[{"href":"https:\/\/deutschcolor.com\/de\/wp-json\/wp\/v2\/product"}],"about":[{"href":"https:\/\/deutschcolor.com\/de\/wp-json\/wp\/v2\/types\/product"}],"wp:featuredmedia":[{"embeddable":true,"href":"https:\/\/deutschcolor.com\/de\/wp-json\/wp\/v2\/media\/24743"}],"wp:attachment":[{"href":"https:\/\/deutschcolor.com\/de\/wp-json\/wp\/v2\/media?parent=24742"}],"curies":[{"name":"wp","href":"https:\/\/api.w.org\/{rel}","templated":true}]}}